{"id":5326,"date":"2023-10-24T10:33:20","date_gmt":"2023-10-24T08:33:20","guid":{"rendered":"https:\/\/velolake.com\/?page_id=5326"},"modified":"2025-07-21T17:02:03","modified_gmt":"2025-07-21T15:02:03","slug":"fahrradtransfer","status":"publish","type":"page","link":"https:\/\/velolake.com\/de\/fahrrad-shuttle-gardasee\/fahrradtransfer\/","title":{"rendered":"FAHRRADTRANSFER"},"content":{"rendered":"<div data-elementor-type=\"wp-page\" data-elementor-id=\"5326\" class=\"elementor elementor-5326\" data-elementor-post-type=\"page\">\n\t\t\t\t\t\t<section class=\"elementor-section elementor-top-section elementor-element elementor-element-500e76c9 elementor-section-full_width elementor-section-height-default elementor-section-height-default\" data-id=\"500e76c9\" data-element_type=\"section\" data-e-type=\"section\" data-settings=\"{&quot;background_background&quot;:&quot;classic&quot;}\">\n\t\t\t\t\t\t\t<div class=\"elementor-background-overlay\"><\/div>\n\t\t\t\t\t\t\t<div class=\"elementor-container elementor-column-gap-default\">\n\t\t\t\t\t<div class=\"elementor-column elementor-col-50 elementor-top-column elementor-element elementor-element-1e4f126f\" data-id=\"1e4f126f\" data-element_type=\"column\" data-e-type=\"column\" data-settings=\"{&quot;background_background&quot;:&quot;gradient&quot;}\">\n\t\t\t<div class=\"elementor-widget-wrap elementor-element-populated\">\n\t\t\t\t\t\t<div class=\"elementor-element elementor-element-35a8a558 elementor-widget elementor-widget-heading\" data-id=\"35a8a558\" data-element_type=\"widget\" data-e-type=\"widget\" data-widget_type=\"heading.default\">\n\t\t\t\t<div class=\"elementor-widget-container\">\n\t\t\t\t\t<h1 class=\"elementor-heading-title elementor-size-default\">FAHRRADTRANSFER<\/h1>\t\t\t\t<\/div>\n\t\t\t\t<\/div>\n\t\t\t\t<div class=\"elementor-element elementor-element-bbb5945 elementor-mobile-align-center elementor-widget elementor-widget-breadcrumbs\" data-id=\"bbb5945\" data-element_type=\"widget\" data-e-type=\"widget\" data-widget_type=\"breadcrumbs.default\">\n\t\t\t\t<div class=\"elementor-widget-container\">\n\t\t\t\t\t<p id=\"breadcrumbs\"><span><span><a href=\"https:\/\/velolake.com\/de\/\">Home<\/a><\/span><\/span><\/p>\t\t\t\t<\/div>\n\t\t\t\t<\/div>\n\t\t\t\t<div class=\"elementor-element elementor-element-5d70e290 elementor-widget elementor-widget-text-editor\" data-id=\"5d70e290\" data-element_type=\"widget\" data-e-type=\"widget\" data-widget_type=\"text-editor.default\">\n\t\t\t\t<div class=\"elementor-widget-container\">\n\t\t\t\t\t\t\t\t\t<p>Unsere Shuttle-Station in Torbole bietet Ihnen die M\u00f6glichkeit, sich sorgenfrei von A nach B zu bewegen.<\/p><p>Wir verbinden Sie mit Bahnh\u00f6fen, Flugh\u00e4fen und anderen \u00f6ffentlichen Verkehrsmitteln, bieten aber auch ma\u00dfgeschneiderte Reisen zu Ihrem Wunschziel an.<\/p>\t\t\t\t\t\t\t\t<\/div>\n\t\t\t\t<\/div>\n\t\t\t\t<div class=\"elementor-element elementor-element-5d83dc89 elementor-mobile-align-justify elementor-widget-mobile__width-inherit elementor-widget elementor-widget-button\" data-id=\"5d83dc89\" data-element_type=\"widget\" data-e-type=\"widget\" data-widget_type=\"button.default\">\n\t\t\t\t<div class=\"elementor-widget-container\">\n\t\t\t\t\t\t\t\t\t<div class=\"elementor-button-wrapper\">\n\t\t\t\t\t<a class=\"elementor-button elementor-button-link elementor-size-sm\" href=\"#booking\">\n\t\t\t\t\t\t<span class=\"elementor-button-content-wrapper\">\n\t\t\t\t\t\t\t\t\t<span class=\"elementor-button-text\">BUCHEN<\/span>\n\t\t\t\t\t<\/span>\n\t\t\t\t\t<\/a>\n\t\t\t\t<\/div>\n\t\t\t\t\t\t\t\t<\/div>\n\t\t\t\t<\/div>\n\t\t\t\t\t<\/div>\n\t\t<\/div>\n\t\t\t\t<div class=\"elementor-column elementor-col-50 elementor-top-column elementor-element elementor-element-5541fd29\" data-id=\"5541fd29\" data-element_type=\"column\" data-e-type=\"column\" data-settings=\"{&quot;background_background&quot;:&quot;classic&quot;}\">\n\t\t\t<div class=\"elementor-widget-wrap\">\n\t\t\t\t\t\t\t<\/div>\n\t\t<\/div>\n\t\t\t\t\t<\/div>\n\t\t<\/section>\n\t\t\t\t<section class=\"elementor-section elementor-top-section elementor-element elementor-element-22043cd6 elementor-section-full_width elementor-section-height-default elementor-section-height-default\" data-id=\"22043cd6\" data-element_type=\"section\" data-e-type=\"section\" id=\"booking\">\n\t\t\t\t\t\t\t<div class=\"elementor-background-overlay\"><\/div>\n\t\t\t\t\t\t\t<div class=\"elementor-container elementor-column-gap-default\">\n\t\t\t\t\t<div class=\"elementor-column elementor-col-100 elementor-top-column elementor-element elementor-element-3129d9\" data-id=\"3129d9\" data-element_type=\"column\" data-e-type=\"column\">\n\t\t\t<div class=\"elementor-widget-wrap elementor-element-populated\">\n\t\t\t\t\t\t<section class=\"elementor-section elementor-inner-section elementor-element elementor-element-1bfdee2e elementor-section-boxed elementor-section-height-default elementor-section-height-default\" data-id=\"1bfdee2e\" data-element_type=\"section\" data-e-type=\"section\">\n\t\t\t\t\t\t<div class=\"elementor-container elementor-column-gap-default\">\n\t\t\t\t\t<div class=\"elementor-column elementor-col-50 elementor-inner-column elementor-element elementor-element-16ea6a66\" data-id=\"16ea6a66\" data-element_type=\"column\" data-e-type=\"column\" data-settings=\"{&quot;background_background&quot;:&quot;classic&quot;}\">\n\t\t\t<div class=\"elementor-widget-wrap elementor-element-populated\">\n\t\t\t\t\t\t<div class=\"elementor-element elementor-element-76efa801 elementor-widget elementor-widget-heading\" data-id=\"76efa801\" data-element_type=\"widget\" data-e-type=\"widget\" data-widget_type=\"heading.default\">\n\t\t\t\t<div class=\"elementor-widget-container\">\n\t\t\t\t\t<h2 class=\"elementor-heading-title elementor-size-default\">BUCHEN SIE IHREN FAHRRADTRANSFER<\/h2>\t\t\t\t<\/div>\n\t\t\t\t<\/div>\n\t\t\t\t\t<\/div>\n\t\t<\/div>\n\t\t\t\t<div class=\"elementor-column elementor-col-50 elementor-inner-column elementor-element elementor-element-75debfec\" data-id=\"75debfec\" data-element_type=\"column\" data-e-type=\"column\">\n\t\t\t<div class=\"elementor-widget-wrap elementor-element-populated\">\n\t\t\t\t\t\t<div class=\"elementor-element elementor-element-1c4c693e elementor-widget elementor-widget-text-editor\" data-id=\"1c4c693e\" data-element_type=\"widget\" data-e-type=\"widget\" data-widget_type=\"text-editor.default\">\n\t\t\t\t<div class=\"elementor-widget-container\">\n\t\t\t\t\t\t\t\t\t<p>Bei uns buchen Sie ganz einfach Ihren Transfer zu Ihrem Lieblingsort.<\/p><p>Dank unserer verschiedenen Transportbusse sind wir in der Lage, bis zu sehr gro\u00dfe Gruppen zu transportieren. <a href=\"https:\/\/velolake.com\/de\/kontakte\/\" target=\"_blank\" rel=\"noopener\">Kontaktieren Sie uns<\/a> f\u00fcr ein individuelles Serviceangebot.<\/p>\t\t\t\t\t\t\t\t<\/div>\n\t\t\t\t<\/div>\n\t\t\t\t\t<\/div>\n\t\t<\/div>\n\t\t\t\t\t<\/div>\n\t\t<\/section>\n\t\t\t\t<div class=\"elementor-element elementor-element-6cb76f13 elementor-widget elementor-widget-html\" data-id=\"6cb76f13\" data-element_type=\"widget\" data-e-type=\"widget\" id=\"uplift\" data-widget_type=\"html.default\">\n\t\t\t\t<div class=\"elementor-widget-container\">\n\t\t\t\t\t\r\n\r\n\r\n<product-catalog-widget widget-id=\"0b981fc8-386d-4749-966c-05642ba6eba1\"><\/product-catalog-widget><script type=\"text\/javascript\" src=\"https:\/\/widgets.regiondo.net\/catalog\/v1\/catalog-widget.min.js\"><\/script>\r\n\r\n\t\t\t\t<\/div>\n\t\t\t\t<\/div>\n\t\t\t\t<div class=\"elementor-element elementor-element-44ab5d40 elementor-widget elementor-widget-spacer\" data-id=\"44ab5d40\" data-element_type=\"widget\" data-e-type=\"widget\" data-widget_type=\"spacer.default\">\n\t\t\t\t<div class=\"elementor-widget-container\">\n\t\t\t\t\t\t\t<div class=\"elementor-spacer\">\n\t\t\t<div class=\"elementor-spacer-inner\"><\/div>\n\t\t<\/div>\n\t\t\t\t\t\t<\/div>\n\t\t\t\t<\/div>\n\t\t\t\t<div class=\"elementor-element elementor-element-7048de16 elementor-widget elementor-widget-spacer\" data-id=\"7048de16\" data-element_type=\"widget\" data-e-type=\"widget\" data-widget_type=\"spacer.default\">\n\t\t\t\t<div class=\"elementor-widget-container\">\n\t\t\t\t\t\t\t<div class=\"elementor-spacer\">\n\t\t\t<div class=\"elementor-spacer-inner\"><\/div>\n\t\t<\/div>\n\t\t\t\t\t\t<\/div>\n\t\t\t\t<\/div>\n\t\t\t\t\t<\/div>\n\t\t<\/div>\n\t\t\t\t\t<\/div>\n\t\t<\/section>\n\t\t\t\t<section class=\"elementor-section elementor-top-section elementor-element elementor-element-15c8f399 elementor-section-full_width elementor-section-height-default elementor-section-height-default\" data-id=\"15c8f399\" data-element_type=\"section\" data-e-type=\"section\" data-settings=\"{&quot;background_background&quot;:&quot;classic&quot;}\">\n\t\t\t\t\t\t\t<div class=\"elementor-background-overlay\"><\/div>\n\t\t\t\t\t\t\t<div class=\"elementor-container elementor-column-gap-default\">\n\t\t\t\t\t<div class=\"elementor-column elementor-col-50 elementor-top-column elementor-element elementor-element-12c5d023 elementor-hidden-mobile\" data-id=\"12c5d023\" data-element_type=\"column\" data-e-type=\"column\" data-settings=\"{&quot;background_background&quot;:&quot;classic&quot;}\">\n\t\t\t<div class=\"elementor-widget-wrap elementor-element-populated\">\n\t\t\t\t\t\t<div class=\"elementor-element elementor-element-3304ef3c elementor-widget elementor-widget-spacer\" data-id=\"3304ef3c\" data-element_type=\"widget\" data-e-type=\"widget\" data-widget_type=\"spacer.default\">\n\t\t\t\t<div class=\"elementor-widget-container\">\n\t\t\t\t\t\t\t<div class=\"elementor-spacer\">\n\t\t\t<div class=\"elementor-spacer-inner\"><\/div>\n\t\t<\/div>\n\t\t\t\t\t\t<\/div>\n\t\t\t\t<\/div>\n\t\t\t\t\t<\/div>\n\t\t<\/div>\n\t\t\t\t<div class=\"elementor-column elementor-col-50 elementor-top-column elementor-element elementor-element-7d2b5921\" data-id=\"7d2b5921\" data-element_type=\"column\" data-e-type=\"column\">\n\t\t\t<div class=\"elementor-widget-wrap elementor-element-populated\">\n\t\t\t\t\t\t<div class=\"elementor-element elementor-element-96840da elementor-widget elementor-widget-heading\" data-id=\"96840da\" data-element_type=\"widget\" data-e-type=\"widget\" data-widget_type=\"heading.default\">\n\t\t\t\t<div class=\"elementor-widget-container\">\n\t\t\t\t\t<h2 class=\"elementor-heading-title elementor-size-default\">FAQS ZUM FAHRRADTRANSFER<\/h2>\t\t\t\t<\/div>\n\t\t\t\t<\/div>\n\t\t\t\t<div class=\"elementor-element elementor-element-61cbd86f elementor-widget elementor-widget-accordion\" data-id=\"61cbd86f\" data-element_type=\"widget\" data-e-type=\"widget\" data-widget_type=\"accordion.default\">\n\t\t\t\t<div class=\"elementor-widget-container\">\n\t\t\t\t\t\t\t<div class=\"elementor-accordion\">\n\t\t\t\t\t\t\t<div class=\"elementor-accordion-item\">\n\t\t\t\t\t<h3 id=\"elementor-tab-title-1641\" class=\"elementor-tab-title\" data-tab=\"1\" role=\"button\" aria-controls=\"elementor-tab-content-1641\" aria-expanded=\"false\">\n\t\t\t\t\t\t\t\t\t\t\t\t\t<span class=\"elementor-accordion-icon elementor-accordion-icon-left\" aria-hidden=\"true\">\n\t\t\t\t\t\t\t\t\t\t\t\t\t\t\t<span class=\"elementor-accordion-icon-closed\"><i class=\"fas fa-chevron-right\"><\/i><\/span>\n\t\t\t\t\t\t\t\t<span class=\"elementor-accordion-icon-opened\"><i class=\"fas fa-chevron-down\"><\/i><\/span>\n\t\t\t\t\t\t\t\t\t\t\t\t\t\t<\/span>\n\t\t\t\t\t\t\t\t\t\t\t\t<a class=\"elementor-accordion-title\" tabindex=\"0\">KANN ICH EINEN MA\u00dfGESCHNEIDERTEN TRANSFER BUCHEN?<\/a>\n\t\t\t\t\t<\/h3>\n\t\t\t\t\t<div id=\"elementor-tab-content-1641\" class=\"elementor-tab-content elementor-clearfix\" data-tab=\"1\" role=\"region\" aria-labelledby=\"elementor-tab-title-1641\"><p>Zus\u00e4tzlich zu unseren regul\u00e4ren und gemeinsamen Transportdiensten bieten wir auch ma\u00dfgeschneiderte Transfers an. Wir fragen Ihnen lediglich den Ort und die Uhrzeit, und den Rest organisieren wir!<\/p><\/div>\n\t\t\t\t<\/div>\n\t\t\t\t\t\t\t<div class=\"elementor-accordion-item\">\n\t\t\t\t\t<h3 id=\"elementor-tab-title-1642\" class=\"elementor-tab-title\" data-tab=\"2\" role=\"button\" aria-controls=\"elementor-tab-content-1642\" aria-expanded=\"false\">\n\t\t\t\t\t\t\t\t\t\t\t\t\t<span class=\"elementor-accordion-icon elementor-accordion-icon-left\" aria-hidden=\"true\">\n\t\t\t\t\t\t\t\t\t\t\t\t\t\t\t<span class=\"elementor-accordion-icon-closed\"><i class=\"fas fa-chevron-right\"><\/i><\/span>\n\t\t\t\t\t\t\t\t<span class=\"elementor-accordion-icon-opened\"><i class=\"fas fa-chevron-down\"><\/i><\/span>\n\t\t\t\t\t\t\t\t\t\t\t\t\t\t<\/span>\n\t\t\t\t\t\t\t\t\t\t\t\t<a class=\"elementor-accordion-title\" tabindex=\"0\">WIE VIELE PERSONEN UND GEP\u00c4CK K\u00d6NNEN SIE TRANSPORTIEREN?<\/a>\n\t\t\t\t\t<\/h3>\n\t\t\t\t\t<div id=\"elementor-tab-content-1642\" class=\"elementor-tab-content elementor-clearfix\" data-tab=\"2\" role=\"region\" aria-labelledby=\"elementor-tab-title-1642\"><p>Wir sind der Hauptanbieter f\u00fcr Fahrrad-Shuttles am Gardasee und verf\u00fcgen \u00fcber ein gro\u00dfes Angebot an Transportbussen.<\/p>\n<p>Unsere Busse variieren zwischen 8 und 20 Personen. Dar\u00fcber hinaus sind unsere Busse ger\u00e4umig und bieten ausreichend Platz f\u00fcr Ihr gesamtes Gep\u00e4ck. Unsere Busse sind sehr komfortabel sodass Sie auch bei l\u00e4ngeren Fahrten vollkommen entspannen k\u00f6nnen.<\/p><\/div>\n\t\t\t\t<\/div>\n\t\t\t\t\t\t\t<div class=\"elementor-accordion-item\">\n\t\t\t\t\t<h3 id=\"elementor-tab-title-1643\" class=\"elementor-tab-title\" data-tab=\"3\" role=\"button\" aria-controls=\"elementor-tab-content-1643\" aria-expanded=\"false\">\n\t\t\t\t\t\t\t\t\t\t\t\t\t<span class=\"elementor-accordion-icon elementor-accordion-icon-left\" aria-hidden=\"true\">\n\t\t\t\t\t\t\t\t\t\t\t\t\t\t\t<span class=\"elementor-accordion-icon-closed\"><i class=\"fas fa-chevron-right\"><\/i><\/span>\n\t\t\t\t\t\t\t\t<span class=\"elementor-accordion-icon-opened\"><i class=\"fas fa-chevron-down\"><\/i><\/span>\n\t\t\t\t\t\t\t\t\t\t\t\t\t\t<\/span>\n\t\t\t\t\t\t\t\t\t\t\t\t<a class=\"elementor-accordion-title\" tabindex=\"0\">WIE FUNKTIONIERT DER FAHRRADTRANSFER?<\/a>\n\t\t\t\t\t<\/h3>\n\t\t\t\t\t<div id=\"elementor-tab-content-1643\" class=\"elementor-tab-content elementor-clearfix\" data-tab=\"3\" role=\"region\" aria-labelledby=\"elementor-tab-title-1643\"><p>Wir transportieren Ihnen, Ihrem Gep\u00e4ck und Fahrr\u00e4der unkompliziert von A nach B, sowohl bei Tagesausfl\u00fcgen als auch bei mehrt\u00e4gigen Radtouren.<\/p><\/div>\n\t\t\t\t<\/div>\n\t\t\t\t\t\t\t<div class=\"elementor-accordion-item\">\n\t\t\t\t\t<h3 id=\"elementor-tab-title-1644\" class=\"elementor-tab-title\" data-tab=\"4\" role=\"button\" aria-controls=\"elementor-tab-content-1644\" aria-expanded=\"false\">\n\t\t\t\t\t\t\t\t\t\t\t\t\t<span class=\"elementor-accordion-icon elementor-accordion-icon-left\" aria-hidden=\"true\">\n\t\t\t\t\t\t\t\t\t\t\t\t\t\t\t<span class=\"elementor-accordion-icon-closed\"><i class=\"fas fa-chevron-right\"><\/i><\/span>\n\t\t\t\t\t\t\t\t<span class=\"elementor-accordion-icon-opened\"><i class=\"fas fa-chevron-down\"><\/i><\/span>\n\t\t\t\t\t\t\t\t\t\t\t\t\t\t<\/span>\n\t\t\t\t\t\t\t\t\t\t\t\t<a class=\"elementor-accordion-title\" tabindex=\"0\">SIND TRANSFERDIENSTE GANZJ\u00c4HRIG VERF\u00dcGBAR?<\/a>\n\t\t\t\t\t<\/h3>\n\t\t\t\t\t<div id=\"elementor-tab-content-1644\" class=\"elementor-tab-content elementor-clearfix\" data-tab=\"4\" role=\"region\" aria-labelledby=\"elementor-tab-title-1644\"><p>Unsere Transferdienste sind das ganze Jahr verf\u00fcgbar. \u00dcberpr\u00fcfen Sie am besten immer die Verf\u00fcgbarkeit auf dieser Seite oder kontaktieren Sie uns per Telefon oder Mail.<\/p><\/div>\n\t\t\t\t<\/div>\n\t\t\t\t\t\t\t\t<\/div>\n\t\t\t\t\t\t<\/div>\n\t\t\t\t<\/div>\n\t\t\t\t\t<\/div>\n\t\t<\/div>\n\t\t\t\t\t<\/div>\n\t\t<\/section>\n\t\t\t\t<\/div>","protected":false},"excerpt":{"rendered":"<p>Our shuttle station in Torbole offers you the opportunity to move carefree from A to B. We connect you with train stations, airports and other public transport options, but also offer tailor-made trips to your desired destination. Book Now Book your Bike Transfer Easily book your transfer to your favourite location with us. Thanks to [&hellip;]<\/p>\n","protected":false},"author":1,"featured_media":4939,"parent":169,"menu_order":0,"comment_status":"closed","ping_status":"closed","template":"","meta":{"footnotes":""},"class_list":["post-5326","page","type-page","status-publish","has-post-thumbnail","hentry"],"yoast_head":"<!-- This site is optimized with the Yoast SEO plugin v26.9 - https:\/\/yoast.com\/product\/yoast-seo-wordpress\/ -->\n<title>Bike Transfer - Velolake | Lake Garda<\/title>\n<meta name=\"description\" content=\"Velolake&#039;s bike transfer shuttle station in Torbole offers you the opportunity to move carefree from A to B.\" \/>\n<meta name=\"robots\" content=\"index, follow, max-snippet:-1, max-image-preview:large, max-video-preview:-1\" \/>\n<link rel=\"canonical\" href=\"https:\/\/velolake.com\/de\/fahrrad-shuttle-gardasee\/fahrradtransfer\/\" \/>\n<meta property=\"og:locale\" content=\"de_DE\" \/>\n<meta property=\"og:type\" content=\"article\" \/>\n<meta property=\"og:title\" content=\"Bike Transfer - Velolake | Lake Garda\" \/>\n<meta property=\"og:description\" content=\"Velolake&#039;s bike transfer shuttle station in Torbole offers you the opportunity to move carefree from A to B.\" \/>\n<meta property=\"og:url\" content=\"https:\/\/velolake.com\/de\/fahrrad-shuttle-gardasee\/fahrradtransfer\/\" \/>\n<meta property=\"og:site_name\" content=\"Velolake Lake Garda Bike\" \/>\n<meta property=\"article:publisher\" content=\"https:\/\/www.facebook.com\/velolake\" \/>\n<meta property=\"article:modified_time\" content=\"2025-07-21T15:02:03+00:00\" \/>\n<meta property=\"og:image\" content=\"https:\/\/velolake.com\/wp-content\/uploads\/2023\/08\/lake-garda-bike-shuttle-booking.webp\" \/>\n\t<meta property=\"og:image:width\" content=\"1280\" \/>\n\t<meta property=\"og:image:height\" content=\"800\" \/>\n\t<meta property=\"og:image:type\" content=\"image\/webp\" \/>\n<script type=\"application\/ld+json\" class=\"yoast-schema-graph\">{\"@context\":\"https:\/\/schema.org\",\"@graph\":[{\"@type\":\"WebPage\",\"@id\":\"https:\/\/velolake.com\/bike-shuttle-lake-garda\/bike-transfer\/\",\"url\":\"https:\/\/velolake.com\/bike-shuttle-lake-garda\/bike-transfer\/\",\"name\":\"Bike Transfer - Velolake | Lake Garda\",\"isPartOf\":{\"@id\":\"https:\/\/velolake.com\/#website\"},\"primaryImageOfPage\":{\"@id\":\"https:\/\/velolake.com\/bike-shuttle-lake-garda\/bike-transfer\/#primaryimage\"},\"image\":{\"@id\":\"https:\/\/velolake.com\/bike-shuttle-lake-garda\/bike-transfer\/#primaryimage\"},\"thumbnailUrl\":\"https:\/\/velolake.com\/wp-content\/uploads\/2023\/08\/lake-garda-bike-shuttle-booking.webp\",\"datePublished\":\"2023-10-24T08:33:20+00:00\",\"dateModified\":\"2025-07-21T15:02:03+00:00\",\"description\":\"Velolake's bike transfer shuttle station in Torbole offers you the opportunity to move carefree from A to B.\",\"breadcrumb\":{\"@id\":\"https:\/\/velolake.com\/bike-shuttle-lake-garda\/bike-transfer\/#breadcrumb\"},\"inLanguage\":\"de\",\"potentialAction\":[{\"@type\":\"ReadAction\",\"target\":[\"https:\/\/velolake.com\/bike-shuttle-lake-garda\/bike-transfer\/\"]}]},{\"@type\":\"ImageObject\",\"inLanguage\":\"de\",\"@id\":\"https:\/\/velolake.com\/bike-shuttle-lake-garda\/bike-transfer\/#primaryimage\",\"url\":\"https:\/\/velolake.com\/wp-content\/uploads\/2023\/08\/lake-garda-bike-shuttle-booking.webp\",\"contentUrl\":\"https:\/\/velolake.com\/wp-content\/uploads\/2023\/08\/lake-garda-bike-shuttle-booking.webp\",\"width\":1280,\"height\":800},{\"@type\":\"BreadcrumbList\",\"@id\":\"https:\/\/velolake.com\/bike-shuttle-lake-garda\/bike-transfer\/#breadcrumb\",\"itemListElement\":[{\"@type\":\"ListItem\",\"position\":1,\"name\":\"Home\",\"item\":\"https:\/\/velolake.com\/\"},{\"@type\":\"ListItem\",\"position\":2,\"name\":\"Bike Shuttle at Lake Garda\",\"item\":\"https:\/\/velolake.com\/bike-shuttle-lake-garda\/\"},{\"@type\":\"ListItem\",\"position\":3,\"name\":\"Bike Transfer\"}]},{\"@type\":\"WebSite\",\"@id\":\"https:\/\/velolake.com\/#website\",\"url\":\"https:\/\/velolake.com\/\",\"name\":\"Velolake | Bike Rental & Shuttle on Lake Garda\",\"description\":\"Bike Rental and Shuttle at Lake Garda\",\"publisher\":{\"@id\":\"https:\/\/velolake.com\/#organization\"},\"alternateName\":\"Velolake Bike Rental\",\"potentialAction\":[{\"@type\":\"SearchAction\",\"target\":{\"@type\":\"EntryPoint\",\"urlTemplate\":\"https:\/\/velolake.com\/?s={search_term_string}\"},\"query-input\":{\"@type\":\"PropertyValueSpecification\",\"valueRequired\":true,\"valueName\":\"search_term_string\"}}],\"inLanguage\":\"de\"},{\"@type\":\"Organization\",\"@id\":\"https:\/\/velolake.com\/#organization\",\"name\":\"Velolake\",\"url\":\"https:\/\/velolake.com\/\",\"logo\":{\"@type\":\"ImageObject\",\"inLanguage\":\"de\",\"@id\":\"https:\/\/velolake.com\/#\/schema\/logo\/image\/\",\"url\":\"https:\/\/velolake.com\/wp-content\/uploads\/2023\/01\/velolake-logo-header.png\",\"contentUrl\":\"https:\/\/velolake.com\/wp-content\/uploads\/2023\/01\/velolake-logo-header.png\",\"width\":150,\"height\":50,\"caption\":\"Velolake\"},\"image\":{\"@id\":\"https:\/\/velolake.com\/#\/schema\/logo\/image\/\"},\"sameAs\":[\"https:\/\/www.facebook.com\/velolake\",\"https:\/\/www.instagram.com\/velolake_rental_experts\/\",\"https:\/\/www.linkedin.com\/company\/velolake\/\"]}]}<\/script>\n<!-- \/ Yoast SEO plugin. -->","yoast_head_json":{"title":"FAHRRADTRANSFER - Velolake | Lake Garda","description":"Velolake's Fahrradtransfer-Shuttle-Station in Torbole bietet Ihnen die M\u00f6glichkeit, sorglos von A nach B zu kommen.","robots":{"index":"index","follow":"follow","max-snippet":"max-snippet:-1","max-image-preview":"max-image-preview:large","max-video-preview":"max-video-preview:-1"},"canonical":"https:\/\/velolake.com\/de\/fahrrad-shuttle-gardasee\/fahrradtransfer\/","og_locale":"de_DE","og_type":"article","og_title":"Bike Transfer - Velolake | Lake Garda","og_description":"Velolake's bike transfer shuttle station in Torbole offers you the opportunity to move carefree from A to B.","og_url":"https:\/\/velolake.com\/de\/fahrrad-shuttle-gardasee\/fahrradtransfer\/","og_site_name":"Velolake Lake Garda Bike","article_publisher":"https:\/\/www.facebook.com\/velolake","article_modified_time":"2025-07-21T15:02:03+00:00","og_image":[{"width":1280,"height":800,"url":"https:\/\/velolake.com\/wp-content\/uploads\/2023\/08\/lake-garda-bike-shuttle-booking.webp","type":"image\/webp"}],"schema":{"@context":"https:\/\/schema.org","@graph":[{"@type":"WebPage","@id":"https:\/\/velolake.com\/bike-shuttle-lake-garda\/bike-transfer\/","url":"https:\/\/velolake.com\/bike-shuttle-lake-garda\/bike-transfer\/","name":"FAHRRADTRANSFER - Velolake | Lake Garda","isPartOf":{"@id":"https:\/\/velolake.com\/#website"},"primaryImageOfPage":{"@id":"https:\/\/velolake.com\/bike-shuttle-lake-garda\/bike-transfer\/#primaryimage"},"image":{"@id":"https:\/\/velolake.com\/bike-shuttle-lake-garda\/bike-transfer\/#primaryimage"},"thumbnailUrl":"https:\/\/velolake.com\/wp-content\/uploads\/2023\/08\/lake-garda-bike-shuttle-booking.webp","datePublished":"2023-10-24T08:33:20+00:00","dateModified":"2025-07-21T15:02:03+00:00","description":"Velolake's Fahrradtransfer-Shuttle-Station in Torbole bietet Ihnen die M\u00f6glichkeit, sorglos von A nach B zu kommen.","breadcrumb":{"@id":"https:\/\/velolake.com\/bike-shuttle-lake-garda\/bike-transfer\/#breadcrumb"},"inLanguage":"de","potentialAction":[{"@type":"ReadAction","target":["https:\/\/velolake.com\/bike-shuttle-lake-garda\/bike-transfer\/"]}]},{"@type":"ImageObject","inLanguage":"de","@id":"https:\/\/velolake.com\/bike-shuttle-lake-garda\/bike-transfer\/#primaryimage","url":"https:\/\/velolake.com\/wp-content\/uploads\/2023\/08\/lake-garda-bike-shuttle-booking.webp","contentUrl":"https:\/\/velolake.com\/wp-content\/uploads\/2023\/08\/lake-garda-bike-shuttle-booking.webp","width":1280,"height":800},{"@type":"BreadcrumbList","@id":"https:\/\/velolake.com\/bike-shuttle-lake-garda\/bike-transfer\/#breadcrumb","itemListElement":[{"@type":"ListItem","position":1,"name":"Home","item":"https:\/\/velolake.com\/"},{"@type":"ListItem","position":2,"name":"Bike Shuttle at Lake Garda","item":"https:\/\/velolake.com\/bike-shuttle-lake-garda\/"},{"@type":"ListItem","position":3,"name":"Bike Transfer"}]},{"@type":"WebSite","@id":"https:\/\/velolake.com\/#website","url":"https:\/\/velolake.com\/","name":"Velolake | Bike Rental & Shuttle on Lake Garda","description":"Bike Rental and Shuttle at Lake Garda","publisher":{"@id":"https:\/\/velolake.com\/#organization"},"alternateName":"Velolake Bike Rental","potentialAction":[{"@type":"SearchAction","target":{"@type":"EntryPoint","urlTemplate":"https:\/\/velolake.com\/?s={search_term_string}"},"query-input":{"@type":"PropertyValueSpecification","valueRequired":true,"valueName":"search_term_string"}}],"inLanguage":"de"},{"@type":"Organization","@id":"https:\/\/velolake.com\/#organization","name":"Velolake","url":"https:\/\/velolake.com\/","logo":{"@type":"ImageObject","inLanguage":"de","@id":"https:\/\/velolake.com\/#\/schema\/logo\/image\/","url":"https:\/\/velolake.com\/wp-content\/uploads\/2023\/01\/velolake-logo-header.png","contentUrl":"https:\/\/velolake.com\/wp-content\/uploads\/2023\/01\/velolake-logo-header.png","width":150,"height":50,"caption":"Velolake"},"image":{"@id":"https:\/\/velolake.com\/#\/schema\/logo\/image\/"},"sameAs":["https:\/\/www.facebook.com\/velolake","https:\/\/www.instagram.com\/velolake_rental_experts\/","https:\/\/www.linkedin.com\/company\/velolake\/"]}]}},"_links":{"self":[{"href":"https:\/\/velolake.com\/de\/wp-json\/wp\/v2\/pages\/5326","targetHints":{"allow":["GET"]}}],"collection":[{"href":"https:\/\/velolake.com\/de\/wp-json\/wp\/v2\/pages"}],"about":[{"href":"https:\/\/velolake.com\/de\/wp-json\/wp\/v2\/types\/page"}],"author":[{"embeddable":true,"href":"https:\/\/velolake.com\/de\/wp-json\/wp\/v2\/users\/1"}],"replies":[{"embeddable":true,"href":"https:\/\/velolake.com\/de\/wp-json\/wp\/v2\/comments?post=5326"}],"version-history":[{"count":70,"href":"https:\/\/velolake.com\/de\/wp-json\/wp\/v2\/pages\/5326\/revisions"}],"predecessor-version":[{"id":7906,"href":"https:\/\/velolake.com\/de\/wp-json\/wp\/v2\/pages\/5326\/revisions\/7906"}],"up":[{"embeddable":true,"href":"https:\/\/velolake.com\/de\/wp-json\/wp\/v2\/pages\/169"}],"wp:featuredmedia":[{"embeddable":true,"href":"https:\/\/velolake.com\/de\/wp-json\/wp\/v2\/media\/4939"}],"wp:attachment":[{"href":"https:\/\/velolake.com\/de\/wp-json\/wp\/v2\/media?parent=5326"}],"curies":[{"name":"wp","href":"https:\/\/api.w.org\/{rel}","templated":true}]}}