{"id":6626,"date":"2024-10-18T07:26:14","date_gmt":"2024-10-18T05:26:14","guid":{"rendered":"https:\/\/velolake.com\/?page_id=6626"},"modified":"2025-07-21T16:56:19","modified_gmt":"2025-07-21T14:56:19","slug":"usluga-transferowa","status":"publish","type":"page","link":"https:\/\/velolake.com\/pl\/transfer-service\/","title":{"rendered":"Transfery"},"content":{"rendered":"<div data-elementor-type=\"wp-page\" data-elementor-id=\"6626\" class=\"elementor elementor-6626\" data-elementor-post-type=\"page\">\n\t\t\t\t\t\t<section class=\"elementor-section elementor-top-section elementor-element elementor-element-1afdf3cc elementor-section-height-min-height elementor-section-boxed elementor-section-height-default elementor-section-items-middle\" data-id=\"1afdf3cc\" data-element_type=\"section\" data-e-type=\"section\">\n\t\t\t\t\t\t\t<div class=\"elementor-background-overlay\"><\/div>\n\t\t\t\t\t\t\t<div class=\"elementor-container elementor-column-gap-default\">\n\t\t\t\t\t<div class=\"elementor-column elementor-col-100 elementor-top-column elementor-element elementor-element-33e21516\" data-id=\"33e21516\" data-element_type=\"column\" data-e-type=\"column\">\n\t\t\t<div class=\"elementor-widget-wrap elementor-element-populated\">\n\t\t\t\t\t\t<div class=\"elementor-element elementor-element-6ca642c0 elementor-widget elementor-widget-heading\" data-id=\"6ca642c0\" data-element_type=\"widget\" data-e-type=\"widget\" data-widget_type=\"heading.default\">\n\t\t\t\t<div class=\"elementor-widget-container\">\n\t\t\t\t\t<h1 class=\"elementor-heading-title elementor-size-default\">Transfery<\/h1>\t\t\t\t<\/div>\n\t\t\t\t<\/div>\n\t\t\t\t<div class=\"elementor-element elementor-element-88c3539 elementor-mobile-align-center elementor-widget elementor-widget-breadcrumbs\" data-id=\"88c3539\" data-element_type=\"widget\" data-e-type=\"widget\" data-widget_type=\"breadcrumbs.default\">\n\t\t\t\t<div class=\"elementor-widget-container\">\n\t\t\t\t\t<p id=\"breadcrumbs\"><span><span><a href=\"https:\/\/velolake.com\/pl\/\">Home<\/a><\/span><\/span><\/p>\t\t\t\t<\/div>\n\t\t\t\t<\/div>\n\t\t\t\t<div class=\"elementor-element elementor-element-4dec8585 elementor-widget elementor-widget-text-editor\" data-id=\"4dec8585\" data-element_type=\"widget\" data-e-type=\"widget\" data-widget_type=\"text-editor.default\">\n\t\t\t\t<div class=\"elementor-widget-container\">\n\t\t\t\t\t\t\t\t\t<p>Niezawodny transport mi\u0119dzy lotniskami, dworcami kolejowymi a Jeziorem Garda z Velolake\nPodr\u00f3\u017cuj wygodnie i bez stresu<br \/>!<\/p>\t\t\t\t\t\t\t\t<\/div>\n\t\t\t\t<\/div>\n\t\t\t\t\t<\/div>\n\t\t<\/div>\n\t\t\t\t\t<\/div>\n\t\t<\/section>\n\t\t\t\t<section class=\"elementor-section elementor-top-section elementor-element elementor-element-74ce9b94 elementor-section-height-min-height elementor-section-boxed elementor-section-height-default elementor-section-items-middle\" data-id=\"74ce9b94\" data-element_type=\"section\" data-e-type=\"section\" data-settings=\"{&quot;background_background&quot;:&quot;classic&quot;}\">\n\t\t\t\t\t\t\t<div class=\"elementor-background-overlay\"><\/div>\n\t\t\t\t\t\t\t<div class=\"elementor-container elementor-column-gap-default\">\n\t\t\t\t\t<div class=\"elementor-column elementor-col-100 elementor-top-column elementor-element elementor-element-25787a86\" data-id=\"25787a86\" data-element_type=\"column\" data-e-type=\"column\">\n\t\t\t<div class=\"elementor-widget-wrap elementor-element-populated\">\n\t\t\t\t\t\t<div class=\"elementor-element elementor-element-5e52d3dd elementor-widget elementor-widget-heading\" data-id=\"5e52d3dd\" data-element_type=\"widget\" data-e-type=\"widget\" data-widget_type=\"heading.default\">\n\t\t\t\t<div class=\"elementor-widget-container\">\n\t\t\t\t\t<h2 class=\"elementor-heading-title elementor-size-default\">Zarezerwuj transfer ju\u017c dzi\u015b!<\/h2>\t\t\t\t<\/div>\n\t\t\t\t<\/div>\n\t\t\t\t<div class=\"elementor-element elementor-element-1d76e72d elementor-widget elementor-widget-text-editor\" data-id=\"1d76e72d\" data-element_type=\"widget\" data-e-type=\"widget\" data-widget_type=\"text-editor.default\">\n\t\t\t\t<div class=\"elementor-widget-container\">\n\t\t\t\t\t\t\t\t\t<p>Zaplanuj podr\u00f3\u017c z wyprzedzeniem! Zabezpiecz sw\u00f3j transfer i podr\u00f3\u017cuj bez obaw do i z Jeziora Garda oraz Dolomit\u00f3w.<\/p><p><strong data-start=\"2684\" data-end=\"2695\">Wskaz\u00f3wka:<\/strong> Rezerwacja z wyprzedzeniem <strong data-start=\"2718\" data-end=\"2753\">zapewnia dost\u0119pno\u015b\u0107 i najlepsze ceny!<\/strong>!<\/p><p><strong>Wskaz\u00f3wka: <\/strong><a href=\"tel:+393294352878\" target=\"_blank\" rel=\"noopener\"><strong>+39 329-43-52-878<\/strong><\/a><\/p>\t\t\t\t\t\t\t\t<\/div>\n\t\t\t\t<\/div>\n\t\t\t\t<div class=\"elementor-element elementor-element-8b4fb9b elementor-mobile-align-center elementor-widget elementor-widget-button\" data-id=\"8b4fb9b\" data-element_type=\"widget\" data-e-type=\"widget\" data-widget_type=\"button.default\">\n\t\t\t\t<div class=\"elementor-widget-container\">\n\t\t\t\t\t\t\t\t\t<div class=\"elementor-button-wrapper\">\n\t\t\t\t\t<a class=\"elementor-button elementor-button-link elementor-size-sm\" href=\"#elementor-action%3Aaction%3Dpopup%3Aopen%26settings%3DeyJpZCI6IjY2MzUiLCJ0b2dnbGUiOmZhbHNlfQ%3D%3D\">\n\t\t\t\t\t\t<span class=\"elementor-button-content-wrapper\">\n\t\t\t\t\t\t\t\t\t<span class=\"elementor-button-text\">boiok teraz<\/span>\n\t\t\t\t\t<\/span>\n\t\t\t\t\t<\/a>\n\t\t\t\t<\/div>\n\t\t\t\t\t\t\t\t<\/div>\n\t\t\t\t<\/div>\n\t\t\t\t\t<\/div>\n\t\t<\/div>\n\t\t\t\t\t<\/div>\n\t\t<\/section>\n\t\t\t\t<section class=\"elementor-section elementor-top-section elementor-element elementor-element-229cc31e elementor-section-full_width elementor-section-height-default elementor-section-height-default\" data-id=\"229cc31e\" data-element_type=\"section\" data-e-type=\"section\">\n\t\t\t\t\t\t<div class=\"elementor-container elementor-column-gap-default\">\n\t\t\t\t\t<div class=\"elementor-column elementor-col-100 elementor-top-column elementor-element elementor-element-42fb7113\" data-id=\"42fb7113\" data-element_type=\"column\" data-e-type=\"column\">\n\t\t\t<div class=\"elementor-widget-wrap elementor-element-populated\">\n\t\t\t\t\t\t<section class=\"elementor-section elementor-inner-section elementor-element elementor-element-7971012a elementor-section-full_width elementor-section-height-default elementor-section-height-default\" data-id=\"7971012a\" data-element_type=\"section\" data-e-type=\"section\">\n\t\t\t\t\t\t<div class=\"elementor-container elementor-column-gap-default\">\n\t\t\t\t\t<div class=\"elementor-column elementor-col-50 elementor-inner-column elementor-element elementor-element-156c96ea\" data-id=\"156c96ea\" data-element_type=\"column\" data-e-type=\"column\" data-settings=\"{&quot;background_background&quot;:&quot;classic&quot;}\">\n\t\t\t<div class=\"elementor-widget-wrap\">\n\t\t\t\t\t\t\t<\/div>\n\t\t<\/div>\n\t\t\t\t<div class=\"elementor-column elementor-col-50 elementor-inner-column elementor-element elementor-element-1baed76c\" data-id=\"1baed76c\" data-element_type=\"column\" data-e-type=\"column\">\n\t\t\t<div class=\"elementor-widget-wrap elementor-element-populated\">\n\t\t\t\t\t\t<div class=\"elementor-element elementor-element-3d80906 elementor-widget elementor-widget-heading\" data-id=\"3d80906\" data-element_type=\"widget\" data-e-type=\"widget\" data-widget_type=\"heading.default\">\n\t\t\t\t<div class=\"elementor-widget-container\">\n\t\t\t\t\t<h2 class=\"elementor-heading-title elementor-size-default\">Kierunki Transferu<\/h2>\t\t\t\t<\/div>\n\t\t\t\t<\/div>\n\t\t\t\t<div class=\"elementor-element elementor-element-5d179638 elementor-widget elementor-widget-text-editor\" data-id=\"5d179638\" data-element_type=\"widget\" data-e-type=\"widget\" data-widget_type=\"text-editor.default\">\n\t\t\t\t<div class=\"elementor-widget-container\">\n\t\t\t\t\t\t\t\t\t<p>Obs\u0142ugujemy transfery do i z nast\u0119puj\u0105cych miejsc:<\/p><h3>Dworzec kolejowy<\/h3><ul><li>Rovereto FS<\/li><\/ul><h3>Lotniska<\/h3><ul><li>Verona Valerio Catullo (VRN)<\/li><li>Bergamo Orio al Serio (BGY)<\/li><li>Milan Malpensa (MXP)<\/li><li>Milan Linate (LIN)<\/li><li>Venice Marco Polo (VCE)<\/li><\/ul><p>\u00a0<\/p><p>Gdziekolwiek zaczyna si\u0119 Twoja podr\u00f3\u017c, Velolake zapewnia sprawny i punktualny transfer.<\/p><p><strong>Rezerwuj online z wyprzedzeniem, aby zapewni\u0107 sobie dost\u0119pno\u015b\u0107!<\/strong><\/p>\t\t\t\t\t\t\t\t<\/div>\n\t\t\t\t<\/div>\n\t\t\t\t<div class=\"elementor-element elementor-element-b4cd00e elementor-mobile-align-center elementor-widget elementor-widget-button\" data-id=\"b4cd00e\" data-element_type=\"widget\" data-e-type=\"widget\" data-widget_type=\"button.default\">\n\t\t\t\t<div class=\"elementor-widget-container\">\n\t\t\t\t\t\t\t\t\t<div class=\"elementor-button-wrapper\">\n\t\t\t\t\t<a class=\"elementor-button elementor-button-link elementor-size-sm\" href=\"#elementor-action%3Aaction%3Dpopup%3Aopen%26settings%3DeyJpZCI6IjY2MzUiLCJ0b2dnbGUiOmZhbHNlfQ%3D%3D\">\n\t\t\t\t\t\t<span class=\"elementor-button-content-wrapper\">\n\t\t\t\t\t\t\t\t\t<span class=\"elementor-button-text\">boiok teraz<\/span>\n\t\t\t\t\t<\/span>\n\t\t\t\t\t<\/a>\n\t\t\t\t<\/div>\n\t\t\t\t\t\t\t\t<\/div>\n\t\t\t\t<\/div>\n\t\t\t\t\t<\/div>\n\t\t<\/div>\n\t\t\t\t\t<\/div>\n\t\t<\/section>\n\t\t\t\t\t<\/div>\n\t\t<\/div>\n\t\t\t\t\t<\/div>\n\t\t<\/section>\n\t\t\t\t<section class=\"elementor-section elementor-top-section elementor-element elementor-element-4d0be89d elementor-section-full_width elementor-section-height-default elementor-section-height-default\" data-id=\"4d0be89d\" data-element_type=\"section\" data-e-type=\"section\" data-settings=\"{&quot;background_background&quot;:&quot;classic&quot;}\">\n\t\t\t\t\t\t\t<div class=\"elementor-background-overlay\"><\/div>\n\t\t\t\t\t\t\t<div class=\"elementor-container elementor-column-gap-default\">\n\t\t\t\t\t<div class=\"elementor-column elementor-col-50 elementor-top-column elementor-element elementor-element-53b58829\" data-id=\"53b58829\" data-element_type=\"column\" data-e-type=\"column\" data-settings=\"{&quot;background_background&quot;:&quot;classic&quot;}\">\n\t\t\t<div class=\"elementor-widget-wrap\">\n\t\t\t\t\t\t\t<\/div>\n\t\t<\/div>\n\t\t\t\t<div class=\"elementor-column elementor-col-50 elementor-top-column elementor-element elementor-element-2dc8fef1\" data-id=\"2dc8fef1\" data-element_type=\"column\" data-e-type=\"column\">\n\t\t\t<div class=\"elementor-widget-wrap elementor-element-populated\">\n\t\t\t\t\t\t<div class=\"elementor-element elementor-element-119a05fb elementor-widget elementor-widget-heading\" data-id=\"119a05fb\" data-element_type=\"widget\" data-e-type=\"widget\" data-widget_type=\"heading.default\">\n\t\t\t\t<div class=\"elementor-widget-container\">\n\t\t\t\t\t<h2 class=\"elementor-heading-title elementor-size-default\">Twoje bezproblemowe rozwi\u0105zanie transferowe<\/h2>\t\t\t\t<\/div>\n\t\t\t\t<\/div>\n\t\t\t\t<div class=\"elementor-element elementor-element-384da46d elementor-widget elementor-widget-text-editor\" data-id=\"384da46d\" data-element_type=\"widget\" data-e-type=\"widget\" data-widget_type=\"text-editor.default\">\n\t\t\t\t<div class=\"elementor-widget-container\">\n\t\t\t\t\t\t\t\t\t<p>Podr\u00f3\u017cowanie mi\u0119dzy Jeziorem Garda a Dolomitami nigdy nie by\u0142o tak proste. Velolake oferuje niezawodne i komfortowe transfery do g\u0142\u00f3wnych lotnisk i stacji kolejowych w p\u00f3\u0142nocnych W\u0142oszech.<\/p><p>\u2714 <strong data-start=\"579\" data-end=\"605\">Minibus do 23 miejsc<\/strong> \u2013 Idealny dla indywidualnych podr\u00f3\u017cnik\u00f3w, rodzin i grup.<\/p><p>\u2714 <strong data-start=\"665\" data-end=\"709\">Transport rower\u00f3w i baga\u017cu w cenie<\/strong> \u2013 Doskona\u0142e dla rowerzyst\u00f3w i os\u00f3b z du\u017cym baga\u017cem.<\/p><p>\u2714 <strong data-start=\"923\" data-end=\"945\">\u0141atwa komunikacja<\/strong><span style=\"box-sizing: border-box; margin: 0px; padding: 0px;\"><strong>-<\/strong>Prze\u015blij numer lotu e-mailem na info@velolake.com i skontaktuj si\u0119 w przypadku op\u00f3\u017anie\u0144.<\/span>\u00a0and contact us upon boarding in case of delays.<\/p>\t\t\t\t\t\t\t\t<\/div>\n\t\t\t\t<\/div>\n\t\t\t\t<div class=\"elementor-element elementor-element-21daeb1b elementor-widget__width-auto elementor-mobile-align-center elementor-widget-mobile__width-inherit elementor-widget elementor-widget-button\" data-id=\"21daeb1b\" data-element_type=\"widget\" data-e-type=\"widget\" data-widget_type=\"button.default\">\n\t\t\t\t<div class=\"elementor-widget-container\">\n\t\t\t\t\t\t\t\t\t<div class=\"elementor-button-wrapper\">\n\t\t\t\t\t<a class=\"elementor-button elementor-button-link elementor-size-sm\" href=\"https:\/\/velolake.com\/pl\/kontakt-my\/\" id=\"book-home-button\">\n\t\t\t\t\t\t<span class=\"elementor-button-content-wrapper\">\n\t\t\t\t\t\t\t\t\t<span class=\"elementor-button-text\">KONTAKT<\/span>\n\t\t\t\t\t<\/span>\n\t\t\t\t\t<\/a>\n\t\t\t\t<\/div>\n\t\t\t\t\t\t\t\t<\/div>\n\t\t\t\t<\/div>\n\t\t\t\t\t<\/div>\n\t\t<\/div>\n\t\t\t\t\t<\/div>\n\t\t<\/section>\n\t\t\t\t<section class=\"elementor-section elementor-top-section elementor-element elementor-element-33ea4baa elementor-section-full_width elementor-section-height-default elementor-section-height-default\" data-id=\"33ea4baa\" data-element_type=\"section\" data-e-type=\"section\" data-settings=\"{&quot;background_background&quot;:&quot;classic&quot;}\">\n\t\t\t\t\t\t\t<div class=\"elementor-background-overlay\"><\/div>\n\t\t\t\t\t\t\t<div class=\"elementor-container elementor-column-gap-default\">\n\t\t\t\t\t<div class=\"elementor-column elementor-col-50 elementor-top-column elementor-element elementor-element-47feae72\" data-id=\"47feae72\" data-element_type=\"column\" data-e-type=\"column\">\n\t\t\t<div class=\"elementor-widget-wrap elementor-element-populated\">\n\t\t\t\t\t\t<div class=\"elementor-element elementor-element-5a6c7c6c elementor-widget elementor-widget-heading\" data-id=\"5a6c7c6c\" data-element_type=\"widget\" data-e-type=\"widget\" data-widget_type=\"heading.default\">\n\t\t\t\t<div class=\"elementor-widget-container\">\n\t\t\t\t\t<h2 class=\"elementor-heading-title elementor-size-default\">Znajd\u017a Swoj\u0105 Tras\u0119<\/h2>\t\t\t\t<\/div>\n\t\t\t\t<\/div>\n\t\t\t\t<div class=\"elementor-element elementor-element-aaa25ff elementor-widget elementor-widget-text-editor\" data-id=\"aaa25ff\" data-element_type=\"widget\" data-e-type=\"widget\" data-widget_type=\"text-editor.default\">\n\t\t\t\t<div class=\"elementor-widget-container\">\n\t\t\t\t\t\t\t\t\t<p>Szukasz \u015blad\u00f3w GPS i informacji o trasach? Sprawd\u017a nasze szlaki na Komoot, dostosowane do r\u00f3\u017cnych styl\u00f3w jazdy!<\/p>\t\t\t\t\t\t\t\t<\/div>\n\t\t\t\t<\/div>\n\t\t\t\t<div class=\"elementor-element elementor-element-6991feae elementor-widget__width-auto elementor-mobile-align-center elementor-widget-mobile__width-inherit elementor-widget elementor-widget-button\" data-id=\"6991feae\" data-element_type=\"widget\" data-e-type=\"widget\" data-widget_type=\"button.default\">\n\t\t\t\t<div class=\"elementor-widget-container\">\n\t\t\t\t\t\t\t\t\t<div class=\"elementor-button-wrapper\">\n\t\t\t\t\t<a class=\"elementor-button elementor-button-link elementor-size-sm\" href=\"https:\/\/velolake.com\/pl\/trasy-rowerowe\/\" id=\"book-home-button\">\n\t\t\t\t\t\t<span class=\"elementor-button-content-wrapper\">\n\t\t\t\t\t\t\t\t\t<span class=\"elementor-button-text\">widok tras<\/span>\n\t\t\t\t\t<\/span>\n\t\t\t\t\t<\/a>\n\t\t\t\t<\/div>\n\t\t\t\t\t\t\t\t<\/div>\n\t\t\t\t<\/div>\n\t\t\t\t\t<\/div>\n\t\t<\/div>\n\t\t\t\t<div class=\"elementor-column elementor-col-50 elementor-top-column elementor-element elementor-element-65041570\" data-id=\"65041570\" data-element_type=\"column\" data-e-type=\"column\" data-settings=\"{&quot;background_background&quot;:&quot;classic&quot;}\">\n\t\t\t<div class=\"elementor-widget-wrap\">\n\t\t\t\t\t\t\t<\/div>\n\t\t<\/div>\n\t\t\t\t\t<\/div>\n\t\t<\/section>\n\t\t\t\t<\/div>","protected":false},"excerpt":{"rendered":"<p>Reliable Airport &amp; Train Station Transportation by Velolake.Seamless Travel Between Lake Garda, Airports, and Train Stations Book Your Transfer Today! Plan your trip in advance! Secure your transfer and travel worry-free to and from Lake Garda and the Dolomites. Tip: Booking early ensures availability and the best rates! Info Contact: +39 329-43-52-878 Book Now Transfer [&hellip;]<\/p>\n","protected":false},"author":1,"featured_media":6357,"parent":0,"menu_order":0,"comment_status":"closed","ping_status":"closed","template":"elementor_header_footer","meta":{"_joinchat":[],"footnotes":""},"class_list":["post-6626","page","type-page","status-publish","has-post-thumbnail","hentry"],"yoast_head":"<!-- This site is optimized with the Yoast SEO plugin v27.4 - https:\/\/yoast.com\/product\/yoast-seo-wordpress\/ -->\n<title>Transfer Service - Velolake | Lake Garda<\/title>\n<meta name=\"description\" content=\"Travel hassle-free from and to the main airport and train station. Minibus up to 23 seats + bikes and luggages transfer service included.\" \/>\n<meta name=\"robots\" content=\"index, follow, max-snippet:-1, max-image-preview:large, max-video-preview:-1\" \/>\n<link rel=\"canonical\" href=\"https:\/\/velolake.com\/pl\/usluga-transferowa\/\" \/>\n<meta property=\"og:locale\" content=\"pl_PL\" \/>\n<meta property=\"og:type\" content=\"article\" \/>\n<meta property=\"og:title\" content=\"Transfer Service - Velolake | Lake Garda\" \/>\n<meta property=\"og:description\" content=\"Travel hassle-free from and to the main airport and train station. Minibus up to 23 seats + bikes and luggages transfer service included.\" \/>\n<meta property=\"og:url\" content=\"https:\/\/velolake.com\/pl\/usluga-transferowa\/\" \/>\n<meta property=\"og:site_name\" content=\"Velolake Lake Garda Bike\" \/>\n<meta property=\"article:publisher\" content=\"https:\/\/www.facebook.com\/velolake\" \/>\n<meta property=\"article:modified_time\" content=\"2025-07-21T14:56:19+00:00\" \/>\n<meta property=\"og:image\" content=\"https:\/\/velolake.com\/wp-content\/uploads\/2024\/07\/shuttle-info-velolake.jpg\" \/>\n\t<meta property=\"og:image:width\" content=\"1280\" \/>\n\t<meta property=\"og:image:height\" content=\"800\" \/>\n\t<meta property=\"og:image:type\" content=\"image\/jpeg\" \/>\n<script type=\"application\/ld+json\" class=\"yoast-schema-graph\">{\"@context\":\"https:\\\/\\\/schema.org\",\"@graph\":[{\"@type\":\"WebPage\",\"@id\":\"https:\\\/\\\/velolake.com\\\/transfer-service\\\/\",\"url\":\"https:\\\/\\\/velolake.com\\\/transfer-service\\\/\",\"name\":\"Transfer Service - Velolake | Lake Garda\",\"isPartOf\":{\"@id\":\"https:\\\/\\\/velolake.com\\\/#website\"},\"primaryImageOfPage\":{\"@id\":\"https:\\\/\\\/velolake.com\\\/transfer-service\\\/#primaryimage\"},\"image\":{\"@id\":\"https:\\\/\\\/velolake.com\\\/transfer-service\\\/#primaryimage\"},\"thumbnailUrl\":\"https:\\\/\\\/velolake.com\\\/wp-content\\\/uploads\\\/2024\\\/07\\\/shuttle-info-velolake.jpg\",\"datePublished\":\"2024-10-18T05:26:14+00:00\",\"dateModified\":\"2025-07-21T14:56:19+00:00\",\"description\":\"Travel hassle-free from and to the main airport and train station. Minibus up to 23 seats + bikes and luggages transfer service included.\",\"breadcrumb\":{\"@id\":\"https:\\\/\\\/velolake.com\\\/transfer-service\\\/#breadcrumb\"},\"inLanguage\":\"pl-PL\",\"potentialAction\":[{\"@type\":\"ReadAction\",\"target\":[\"https:\\\/\\\/velolake.com\\\/transfer-service\\\/\"]}]},{\"@type\":\"ImageObject\",\"inLanguage\":\"pl-PL\",\"@id\":\"https:\\\/\\\/velolake.com\\\/transfer-service\\\/#primaryimage\",\"url\":\"https:\\\/\\\/velolake.com\\\/wp-content\\\/uploads\\\/2024\\\/07\\\/shuttle-info-velolake.jpg\",\"contentUrl\":\"https:\\\/\\\/velolake.com\\\/wp-content\\\/uploads\\\/2024\\\/07\\\/shuttle-info-velolake.jpg\",\"width\":1280,\"height\":800},{\"@type\":\"BreadcrumbList\",\"@id\":\"https:\\\/\\\/velolake.com\\\/transfer-service\\\/#breadcrumb\",\"itemListElement\":[{\"@type\":\"ListItem\",\"position\":1,\"name\":\"Home\",\"item\":\"https:\\\/\\\/velolake.com\\\/\"},{\"@type\":\"ListItem\",\"position\":2,\"name\":\"Transfer Service\"}]},{\"@type\":\"WebSite\",\"@id\":\"https:\\\/\\\/velolake.com\\\/#website\",\"url\":\"https:\\\/\\\/velolake.com\\\/\",\"name\":\"Velolake | Bike Rental & Shuttle on Lake Garda\",\"description\":\"Bike Rental and Shuttle at Lake Garda\",\"publisher\":{\"@id\":\"https:\\\/\\\/velolake.com\\\/#organization\"},\"alternateName\":\"Velolake Bike Rental\",\"potentialAction\":[{\"@type\":\"SearchAction\",\"target\":{\"@type\":\"EntryPoint\",\"urlTemplate\":\"https:\\\/\\\/velolake.com\\\/?s={search_term_string}\"},\"query-input\":{\"@type\":\"PropertyValueSpecification\",\"valueRequired\":true,\"valueName\":\"search_term_string\"}}],\"inLanguage\":\"pl-PL\"},{\"@type\":\"Organization\",\"@id\":\"https:\\\/\\\/velolake.com\\\/#organization\",\"name\":\"Velolake\",\"url\":\"https:\\\/\\\/velolake.com\\\/\",\"logo\":{\"@type\":\"ImageObject\",\"inLanguage\":\"pl-PL\",\"@id\":\"https:\\\/\\\/velolake.com\\\/#\\\/schema\\\/logo\\\/image\\\/\",\"url\":\"https:\\\/\\\/velolake.com\\\/wp-content\\\/uploads\\\/2023\\\/01\\\/velolake-logo-header.png\",\"contentUrl\":\"https:\\\/\\\/velolake.com\\\/wp-content\\\/uploads\\\/2023\\\/01\\\/velolake-logo-header.png\",\"width\":150,\"height\":50,\"caption\":\"Velolake\"},\"image\":{\"@id\":\"https:\\\/\\\/velolake.com\\\/#\\\/schema\\\/logo\\\/image\\\/\"},\"sameAs\":[\"https:\\\/\\\/www.facebook.com\\\/velolake\",\"https:\\\/\\\/www.instagram.com\\\/velolake_rental_experts\\\/\",\"https:\\\/\\\/www.linkedin.com\\\/company\\\/velolake\\\/\"]}]}<\/script>\n<!-- \/ Yoast SEO plugin. -->","yoast_head_json":{"title":"Us\u0142uga Transferowa - Velolake | Lake Garda","description":"Bezproblemowe podr\u00f3\u017cowanie do i z g\u0142\u00f3wnych lotnisk i stacji kolejowych w rejonie jeziora Garda i Dolomit\u00f3w.","robots":{"index":"index","follow":"follow","max-snippet":"max-snippet:-1","max-image-preview":"max-image-preview:large","max-video-preview":"max-video-preview:-1"},"canonical":"https:\/\/velolake.com\/pl\/usluga-transferowa\/","og_locale":"pl_PL","og_type":"article","og_title":"Transfer Service - Velolake | Lake Garda","og_description":"Travel hassle-free from and to the main airport and train station. Minibus up to 23 seats + bikes and luggages transfer service included.","og_url":"https:\/\/velolake.com\/pl\/usluga-transferowa\/","og_site_name":"Velolake Lake Garda Bike","article_publisher":"https:\/\/www.facebook.com\/velolake","article_modified_time":"2025-07-21T14:56:19+00:00","og_image":[{"width":1280,"height":800,"url":"https:\/\/velolake.com\/wp-content\/uploads\/2024\/07\/shuttle-info-velolake.jpg","type":"image\/jpeg"}],"schema":{"@context":"https:\/\/schema.org","@graph":[{"@type":"WebPage","@id":"https:\/\/velolake.com\/transfer-service\/","url":"https:\/\/velolake.com\/transfer-service\/","name":"Us\u0142uga Transferowa - Velolake | Lake Garda","isPartOf":{"@id":"https:\/\/velolake.com\/#website"},"primaryImageOfPage":{"@id":"https:\/\/velolake.com\/transfer-service\/#primaryimage"},"image":{"@id":"https:\/\/velolake.com\/transfer-service\/#primaryimage"},"thumbnailUrl":"https:\/\/velolake.com\/wp-content\/uploads\/2024\/07\/shuttle-info-velolake.jpg","datePublished":"2024-10-18T05:26:14+00:00","dateModified":"2025-07-21T14:56:19+00:00","description":"Bezproblemowe podr\u00f3\u017cowanie do i z g\u0142\u00f3wnych lotnisk i stacji kolejowych w rejonie jeziora Garda i Dolomit\u00f3w.","breadcrumb":{"@id":"https:\/\/velolake.com\/transfer-service\/#breadcrumb"},"inLanguage":"pl-PL","potentialAction":[{"@type":"ReadAction","target":["https:\/\/velolake.com\/transfer-service\/"]}]},{"@type":"ImageObject","inLanguage":"pl-PL","@id":"https:\/\/velolake.com\/transfer-service\/#primaryimage","url":"https:\/\/velolake.com\/wp-content\/uploads\/2024\/07\/shuttle-info-velolake.jpg","contentUrl":"https:\/\/velolake.com\/wp-content\/uploads\/2024\/07\/shuttle-info-velolake.jpg","width":1280,"height":800},{"@type":"BreadcrumbList","@id":"https:\/\/velolake.com\/transfer-service\/#breadcrumb","itemListElement":[{"@type":"ListItem","position":1,"name":"Home","item":"https:\/\/velolake.com\/"},{"@type":"ListItem","position":2,"name":"Transfer Service"}]},{"@type":"WebSite","@id":"https:\/\/velolake.com\/#website","url":"https:\/\/velolake.com\/","name":"Velolake | Bike Rental & Shuttle on Lake Garda","description":"Bike Rental and Shuttle at Lake Garda","publisher":{"@id":"https:\/\/velolake.com\/#organization"},"alternateName":"Velolake Bike Rental","potentialAction":[{"@type":"SearchAction","target":{"@type":"EntryPoint","urlTemplate":"https:\/\/velolake.com\/?s={search_term_string}"},"query-input":{"@type":"PropertyValueSpecification","valueRequired":true,"valueName":"search_term_string"}}],"inLanguage":"pl-PL"},{"@type":"Organization","@id":"https:\/\/velolake.com\/#organization","name":"Velolake","url":"https:\/\/velolake.com\/","logo":{"@type":"ImageObject","inLanguage":"pl-PL","@id":"https:\/\/velolake.com\/#\/schema\/logo\/image\/","url":"https:\/\/velolake.com\/wp-content\/uploads\/2023\/01\/velolake-logo-header.png","contentUrl":"https:\/\/velolake.com\/wp-content\/uploads\/2023\/01\/velolake-logo-header.png","width":150,"height":50,"caption":"Velolake"},"image":{"@id":"https:\/\/velolake.com\/#\/schema\/logo\/image\/"},"sameAs":["https:\/\/www.facebook.com\/velolake","https:\/\/www.instagram.com\/velolake_rental_experts\/","https:\/\/www.linkedin.com\/company\/velolake\/"]}]}},"_links":{"self":[{"href":"https:\/\/velolake.com\/pl\/wp-json\/wp\/v2\/pages\/6626","targetHints":{"allow":["GET"]}}],"collection":[{"href":"https:\/\/velolake.com\/pl\/wp-json\/wp\/v2\/pages"}],"about":[{"href":"https:\/\/velolake.com\/pl\/wp-json\/wp\/v2\/types\/page"}],"author":[{"embeddable":true,"href":"https:\/\/velolake.com\/pl\/wp-json\/wp\/v2\/users\/1"}],"replies":[{"embeddable":true,"href":"https:\/\/velolake.com\/pl\/wp-json\/wp\/v2\/comments?post=6626"}],"version-history":[{"count":41,"href":"https:\/\/velolake.com\/pl\/wp-json\/wp\/v2\/pages\/6626\/revisions"}],"predecessor-version":[{"id":7885,"href":"https:\/\/velolake.com\/pl\/wp-json\/wp\/v2\/pages\/6626\/revisions\/7885"}],"wp:featuredmedia":[{"embeddable":true,"href":"https:\/\/velolake.com\/pl\/wp-json\/wp\/v2\/media\/6357"}],"wp:attachment":[{"href":"https:\/\/velolake.com\/pl\/wp-json\/wp\/v2\/media?parent=6626"}],"curies":[{"name":"wp","href":"https:\/\/api.w.org\/{rel}","templated":true}]}}