{"id":6975,"date":"2025-01-30T18:46:15","date_gmt":"2025-01-30T17:46:15","guid":{"rendered":"https:\/\/velolake.com\/?page_id=6975"},"modified":"2026-03-16T10:43:44","modified_gmt":"2026-03-16T09:43:44","slug":"usluga-dostawy-rowerow","status":"publish","type":"page","link":"https:\/\/velolake.com\/pl\/bike-delivery-service\/","title":{"rendered":"Us\u0142uga Dostawy Rower\u00f3w"},"content":{"rendered":"<div data-elementor-type=\"wp-page\" data-elementor-id=\"6975\" class=\"elementor elementor-6975\" data-elementor-post-type=\"page\">\n\t\t\t\t\t\t<section class=\"elementor-section elementor-top-section elementor-element elementor-element-581d9c95 elementor-section-height-min-height elementor-section-boxed elementor-section-height-default elementor-section-items-middle\" data-id=\"581d9c95\" data-element_type=\"section\" data-e-type=\"section\">\n\t\t\t\t\t\t\t<div class=\"elementor-background-overlay\"><\/div>\n\t\t\t\t\t\t\t<div class=\"elementor-container elementor-column-gap-default\">\n\t\t\t\t\t<div class=\"elementor-column elementor-col-100 elementor-top-column elementor-element elementor-element-75ca056a\" data-id=\"75ca056a\" data-element_type=\"column\" data-e-type=\"column\">\n\t\t\t<div class=\"elementor-widget-wrap elementor-element-populated\">\n\t\t\t\t\t\t<div class=\"elementor-element elementor-element-7f59e1cb elementor-widget elementor-widget-heading\" data-id=\"7f59e1cb\" data-element_type=\"widget\" data-e-type=\"widget\" data-widget_type=\"heading.default\">\n\t\t\t\t<div class=\"elementor-widget-container\">\n\t\t\t\t\t<h1 class=\"elementor-heading-title elementor-size-default\">Us\u0142uga Dostawy Rower\u00f3w<\/h1>\t\t\t\t<\/div>\n\t\t\t\t<\/div>\n\t\t\t\t<div class=\"elementor-element elementor-element-16e274f elementor-mobile-align-center elementor-widget elementor-widget-breadcrumbs\" data-id=\"16e274f\" data-element_type=\"widget\" data-e-type=\"widget\" data-widget_type=\"breadcrumbs.default\">\n\t\t\t\t<div class=\"elementor-widget-container\">\n\t\t\t\t\t<p id=\"breadcrumbs\"><span><span><a href=\"https:\/\/velolake.com\/pl\/\">Home<\/a><\/span><\/span><\/p>\t\t\t\t<\/div>\n\t\t\t\t<\/div>\n\t\t\t\t<div class=\"elementor-element elementor-element-46d3e1a1 elementor-widget elementor-widget-text-editor\" data-id=\"46d3e1a1\" data-element_type=\"widget\" data-e-type=\"widget\" data-widget_type=\"text-editor.default\">\n\t\t\t\t<div class=\"elementor-widget-container\">\n\t\t\t\t\t\t\t\t\t<p>Dzi\u0119ki naszej us\u0142udze dostawy mo\u017cesz wypo\u017cyczy\u0107 rower i zam\u00f3wi\u0107 jego dostaw\u0119 bezpo\u015brednio do miejsca zakwaterowania, pocz\u0105tku szlaku lub innego dogodnego miejsca w naszym obszarze us\u0142ugowym.<\/p>\t\t\t\t\t\t\t\t<\/div>\n\t\t\t\t<\/div>\n\t\t\t\t\t<\/div>\n\t\t<\/div>\n\t\t\t\t\t<\/div>\n\t\t<\/section>\n\t\t\t\t<section class=\"elementor-section elementor-top-section elementor-element elementor-element-7b883aef elementor-section-boxed elementor-section-height-default elementor-section-height-default\" data-id=\"7b883aef\" data-element_type=\"section\" data-e-type=\"section\" data-settings=\"{&quot;background_background&quot;:&quot;classic&quot;}\">\n\t\t\t\t\t\t\t<div class=\"elementor-background-overlay\"><\/div>\n\t\t\t\t\t\t\t<div class=\"elementor-container elementor-column-gap-default\">\n\t\t\t\t\t<div class=\"elementor-column elementor-col-100 elementor-top-column elementor-element elementor-element-31c9065e\" data-id=\"31c9065e\" data-element_type=\"column\" data-e-type=\"column\">\n\t\t\t<div class=\"elementor-widget-wrap elementor-element-populated\">\n\t\t\t\t\t\t<div class=\"elementor-element elementor-element-5dfddb16 elementor-widget elementor-widget-heading\" data-id=\"5dfddb16\" data-element_type=\"widget\" data-e-type=\"widget\" data-widget_type=\"heading.default\">\n\t\t\t\t<div class=\"elementor-widget-container\">\n\t\t\t\t\t<h2 class=\"elementor-heading-title elementor-size-default\">Obszar Dostawy<\/h2>\t\t\t\t<\/div>\n\t\t\t\t<\/div>\n\t\t\t\t<div class=\"elementor-element elementor-element-2a21448 elementor-widget elementor-widget-html\" data-id=\"2a21448\" data-element_type=\"widget\" data-e-type=\"widget\" data-widget_type=\"html.default\">\n\t\t\t\t<div class=\"elementor-widget-container\">\n\t\t\t\t\t<div class=\"velolake-table-container table-delivery\">\r\n    <table class=\"velolake-pricing-table\">\r\n        <thead>\r\n            <tr>\r\n                <th>Strefa Dostawy<\/th>\r\n                <th>Cena<\/th>\r\n                <th style=\"text-align: left;\">Harmonogram dostaw<\/th>\r\n            <\/tr>\r\n        <\/thead>\r\n        <tbody>\r\n            <tr>\r\n                <td><strong>DOSTAWA LOKALNA<\/strong><br><small>Arco | Malcesine | Riva | Peschiera | Torbole<\/small><\/td>\r\n                <td>\u20ac10 <small>za rower<\/small><\/td>\r\n                <td class=\"col-schedule\">Dostawa do godz. 09:15 \u2013 dzie\u0144 1<br>Odbi\u00f3r od godz. 18:00 w ostatnim dniu<\/td>\r\n            <\/tr>\r\n            <tr>\r\n                <td><strong>ZONE B<\/strong><br><small>Bardolino | Borghetto | Lazise | Sirmione | Valeggio<\/small><\/td>\r\n                <td>\u20ac15 <small>za rower<\/small><\/td>\r\n                <td class=\"col-schedule\">Dostawa do godz. 09:15 \u2013 dzie\u0144 1<br>Odbi\u00f3r od godz. 18:00 w ostatnim dniu<\/td>\r\n            <\/tr>\r\n            <tr>\r\n                <td><strong>ZONE C<\/strong><br><small>Desenzano | Garda | Limone | Moniga | Sal\u00f2<\/small><\/td>\r\n                <td>\u20ac20 <small>za rower<\/small><\/td>\r\n                <td class=\"col-schedule\">Dostawa do godz. 09:15 \u2013 dzie\u0144 1<br>Odbi\u00f3r od godz. 18:00 w ostatnim dniu<\/td>\r\n            <\/tr>\r\n            <tr>\r\n                <td><strong>DOSTAWA DO MIAST<\/strong><br><small>Mantova | Trento | Verona<\/small><\/td>\r\n                <td>\u20ac80 <small>za zam\u00f3wienie<\/small><\/td>\r\n                <td class=\"col-schedule\"><span class=\"discount-badge\">NA ZAPYTANIE<\/span><br><small style=\"display:inline;\">do ustalenia<\/small><\/td>\r\n            <\/tr>\r\n            <tr>\r\n                <td><strong>INNE KIERUNKI<\/strong><br><small>Lokalizacje niestandardowe<\/small><\/td>\r\n                <td>\u20ac60 <small>za godzin\u0119<\/small><\/td>\r\n                <td class=\"col-schedule\"><span class=\"discount-badge\">NA ZAPYTANIE<\/span><br><small style=\"display:inline;\">do ustalenia<\/small><\/td>\r\n            <\/tr>\r\n        <\/tbody>\r\n        <tfoot>\r\n            <tr>\r\n                <td colspan=\"3\" class=\"table-footer-note\">\r\n                    <strong>Warunki i Wyj\u0105tki:<\/strong> Dostawa i odbi\u00f3r do\/z hoteli, z wyj\u0105tkiem: strefy ograniczonego ruchu i\/lub historycznego centrum miasta.\r\n                <\/td>\r\n            <\/tr>\r\n        <\/tfoot>\r\n    <\/table>\r\n<\/div>\r\n\r\n<style>\r\n.velolake-table-container {\r\n    width: 100%;\r\n    overflow-x: auto;\r\n    margin: 20px 0;\r\n}\r\n.velolake-pricing-table {\r\n    width: 100%;\r\n    border-collapse: collapse;\r\n    font-family: 'Inter', sans-serif;\r\n    min-width: 700px; \/* Ridotta un po' dato che abbiamo tolto una colonna *\/\r\n}\r\n\r\n\/* Header *\/\r\n.velolake-pricing-table th {\r\n    padding: 15px;\r\n    font-size: 13px;\r\n    text-transform: uppercase;\r\n    text-align: center;\r\n    border-bottom: 2px solid #222;\r\n}\r\n.velolake-pricing-table th:first-child { text-align: left; }\r\n\r\n.velolake-pricing-table td {\r\n    padding: 12px 15px;\r\n    border-bottom: 1px solid #f2f2f2;\r\n    text-align: center;\r\n    font-size: 14px;\r\n    vertical-align: middle;\r\n}\r\n\r\n\/* Allineamento orari richiesto *\/\r\n.velolake-pricing-table td.col-schedule {\r\n    text-align: left;\r\n}\r\n\r\n\/* Alternanza colori prima colonna *\/\r\n.velolake-pricing-table tr:nth-child(odd) td:first-child { background-color: #fafafa; }\r\n.velolake-pricing-table tr:nth-child(even) td:first-child { background-color: #ffffff; }\r\n\r\n.velolake-pricing-table td:first-child {\r\n    text-align: left;\r\n    color: #444;\r\n    width: 40%;\r\n}\r\n\r\n.velolake-pricing-table td strong {\r\n    color: #f20769;\r\n    font-weight: 700;\r\n    display: block;\r\n    line-height: 1.2;\r\n}\r\n\r\n.velolake-pricing-table td small {\r\n    display: block;\r\n    color: #777;\r\n    font-size: 11px;\r\n    margin-top: 2px;\r\n}\r\n\r\n\/* Badge TBD *\/\r\n.table-delivery .discount-badge {\r\n    display: inline-block;\r\n    font-size: 11px;\r\n    color: #27ae60;\r\n    font-weight: bold;\r\n    background: #e9f7ef;\r\n    padding: 2px 6px;\r\n    border-radius: 4px;\r\n}\r\n\r\n\/* Riga finale Conditions & Exceptions *\/\r\n.table-footer-note {\r\n    text-align: left !important;\r\n    font-size: 12px !important;\r\n    color: #666;\r\n    background-color: #f9f9f9;\r\n    padding: 15px !important;\r\n    border-top: 2px solid #eee;\r\n    font-style: italic;\r\n}\r\n.table-footer-note strong {\r\n    color: #222 !important;\r\n    display: inline !important;\r\n    text-transform: uppercase;\r\n    font-size: 11px;\r\n    margin-right: 5px;\r\n}\r\n\r\n.velolake-pricing-table tr:hover {\r\n    background-color: #fcfcfc;\r\n}\r\n<\/style>\t\t\t\t<\/div>\n\t\t\t\t<\/div>\n\t\t\t\t\t<\/div>\n\t\t<\/div>\n\t\t\t\t\t<\/div>\n\t\t<\/section>\n\t\t\t\t<section class=\"elementor-section elementor-top-section elementor-element elementor-element-7505489 elementor-section-height-min-height elementor-section-boxed elementor-section-height-default elementor-section-items-middle\" data-id=\"7505489\" data-element_type=\"section\" data-e-type=\"section\" data-settings=\"{&quot;background_background&quot;:&quot;classic&quot;}\">\n\t\t\t\t\t\t\t<div class=\"elementor-background-overlay\"><\/div>\n\t\t\t\t\t\t\t<div class=\"elementor-container elementor-column-gap-default\">\n\t\t\t\t\t<div class=\"elementor-column elementor-col-100 elementor-top-column elementor-element elementor-element-835bf1d\" data-id=\"835bf1d\" data-element_type=\"column\" data-e-type=\"column\">\n\t\t\t<div class=\"elementor-widget-wrap elementor-element-populated\">\n\t\t\t\t\t\t<div class=\"elementor-element elementor-element-39972e22 elementor-widget elementor-widget-heading\" data-id=\"39972e22\" data-element_type=\"widget\" data-e-type=\"widget\" data-widget_type=\"heading.default\">\n\t\t\t\t<div class=\"elementor-widget-container\">\n\t\t\t\t\t<h2 class=\"elementor-heading-title elementor-size-default\">Jak to dzia\u0142a?<\/h2>\t\t\t\t<\/div>\n\t\t\t\t<\/div>\n\t\t\t\t<div class=\"elementor-element elementor-element-2c2d40cf elementor-widget elementor-widget-text-editor\" data-id=\"2c2d40cf\" data-element_type=\"widget\" data-e-type=\"widget\" data-widget_type=\"text-editor.default\">\n\t\t\t\t<div class=\"elementor-widget-container\">\n\t\t\t\t\t\t\t\t\t<p><strong>Zarezerwuj Online:<\/strong><br \/>Wypo\u017cycz rower online, wybieraj\u0105c dat\u0119 rozpocz\u0119cia, czas trwania i miejsce odbioru (nie ma znaczenia, kt\u00f3re wybierzesz, je\u015bli zdecydujesz si\u0119 na dostaw\u0119).<\/p>\t\t\t\t\t\t\t\t<\/div>\n\t\t\t\t<\/div>\n\t\t\t\t<div class=\"elementor-element elementor-element-92ec9d3 elementor-mobile-align-center elementor-widget elementor-widget-button\" data-id=\"92ec9d3\" data-element_type=\"widget\" data-e-type=\"widget\" data-widget_type=\"button.default\">\n\t\t\t\t<div class=\"elementor-widget-container\">\n\t\t\t\t\t\t\t\t\t<div class=\"elementor-button-wrapper\">\n\t\t\t\t\t<a class=\"elementor-button elementor-button-link elementor-size-sm\" href=\"https:\/\/velolake.com\/pl\/wypozyczalnia-rowerow-lake-garda\/\">\n\t\t\t\t\t\t<span class=\"elementor-button-content-wrapper\">\n\t\t\t\t\t\t\t\t\t<span class=\"elementor-button-text\">wynaj\u0105\u0107 teraz<\/span>\n\t\t\t\t\t<\/span>\n\t\t\t\t\t<\/a>\n\t\t\t\t<\/div>\n\t\t\t\t\t\t\t\t<\/div>\n\t\t\t\t<\/div>\n\t\t\t\t<div class=\"elementor-element elementor-element-4d8d873e elementor-widget elementor-widget-text-editor\" data-id=\"4d8d873e\" data-element_type=\"widget\" data-e-type=\"widget\" data-widget_type=\"text-editor.default\">\n\t\t\t\t<div class=\"elementor-widget-container\">\n\t\t\t\t\t\t\t\t\t<p><strong>Wybierz Miejsce Dostawy:<\/strong><br \/>Podczas rezerwacji wybierz preferowany model roweru i jako \u201eEXTRA\u201d wybierz us\u0142ug\u0119 dostawy, aby rower zosta\u0142 dostarczony w dogodne miejsce.<\/p>\t\t\t\t\t\t\t\t<\/div>\n\t\t\t\t<\/div>\n\t\t\t\t<div class=\"elementor-element elementor-element-25d4ada3 elementor-widget elementor-widget-text-editor\" data-id=\"25d4ada3\" data-element_type=\"widget\" data-e-type=\"widget\" data-widget_type=\"text-editor.default\">\n\t\t\t\t<div class=\"elementor-widget-container\">\n\t\t\t\t\t\t\t\t\t<strong>Ciesz si\u0119 Jazd\u0105 Bez Stresu:<\/strong>\nDostarczymy Tw\u00f3j rower w pe\u0142ni przygotowany, wyposa\u017cony i gotowy do jazdy. Aby uzyska\u0107 spersonalizowan\u0105 us\u0142ug\u0119, skontaktuj si\u0119 z nami.\t\t\t\t\t\t\t\t<\/div>\n\t\t\t\t<\/div>\n\t\t\t\t<div class=\"elementor-element elementor-element-a48e5d1 elementor-mobile-align-center elementor-widget elementor-widget-button\" data-id=\"a48e5d1\" data-element_type=\"widget\" data-e-type=\"widget\" data-widget_type=\"button.default\">\n\t\t\t\t<div class=\"elementor-widget-container\">\n\t\t\t\t\t\t\t\t\t<div class=\"elementor-button-wrapper\">\n\t\t\t\t\t<a class=\"elementor-button elementor-button-link elementor-size-sm\" href=\"https:\/\/velolake.com\/pl\/kontakt-my\/\">\n\t\t\t\t\t\t<span class=\"elementor-button-content-wrapper\">\n\t\t\t\t\t\t\t\t\t<span class=\"elementor-button-text\">KONTAKT<\/span>\n\t\t\t\t\t<\/span>\n\t\t\t\t\t<\/a>\n\t\t\t\t<\/div>\n\t\t\t\t\t\t\t\t<\/div>\n\t\t\t\t<\/div>\n\t\t\t\t\t<\/div>\n\t\t<\/div>\n\t\t\t\t\t<\/div>\n\t\t<\/section>\n\t\t\t\t<section class=\"elementor-section elementor-top-section elementor-element elementor-element-2a69ab30 elementor-section-full_width elementor-section-height-default elementor-section-height-default\" data-id=\"2a69ab30\" data-element_type=\"section\" data-e-type=\"section\" data-settings=\"{&quot;background_background&quot;:&quot;classic&quot;}\">\n\t\t\t\t\t\t\t<div class=\"elementor-background-overlay\"><\/div>\n\t\t\t\t\t\t\t<div class=\"elementor-container elementor-column-gap-default\">\n\t\t\t\t\t<div class=\"elementor-column elementor-col-50 elementor-top-column elementor-element elementor-element-4d355b2c\" data-id=\"4d355b2c\" data-element_type=\"column\" data-e-type=\"column\">\n\t\t\t<div class=\"elementor-widget-wrap elementor-element-populated\">\n\t\t\t\t\t\t<div class=\"elementor-element elementor-element-32d4a1e7 elementor-widget elementor-widget-heading\" data-id=\"32d4a1e7\" data-element_type=\"widget\" data-e-type=\"widget\" data-widget_type=\"heading.default\">\n\t\t\t\t<div class=\"elementor-widget-container\">\n\t\t\t\t\t<h2 class=\"elementor-heading-title elementor-size-default\">Znajd\u017a Swoj\u0105 Tras\u0119<\/h2>\t\t\t\t<\/div>\n\t\t\t\t<\/div>\n\t\t\t\t<div class=\"elementor-element elementor-element-337b12f2 elementor-widget elementor-widget-text-editor\" data-id=\"337b12f2\" data-element_type=\"widget\" data-e-type=\"widget\" data-widget_type=\"text-editor.default\">\n\t\t\t\t<div class=\"elementor-widget-container\">\n\t\t\t\t\t\t\t\t\t<p>Potrzebujesz wi\u0119cej informacji, szczeg\u00f3\u0142\u00f3w lub tras GPS na swoj\u0105 przeja\u017cd\u017ck\u0119? \u015aled\u017a nas na Komoot i odkryj wszystkie trasy dostosowane do Twojej kategorii rowerzysty, stworzone specjalnie dla Ciebie przez nasz zesp\u00f3\u0142!<\/p>\t\t\t\t\t\t\t\t<\/div>\n\t\t\t\t<\/div>\n\t\t\t\t<div class=\"elementor-element elementor-element-1a151abb elementor-widget__width-auto elementor-mobile-align-center elementor-widget-mobile__width-inherit elementor-widget elementor-widget-button\" data-id=\"1a151abb\" data-element_type=\"widget\" data-e-type=\"widget\" data-widget_type=\"button.default\">\n\t\t\t\t<div class=\"elementor-widget-container\">\n\t\t\t\t\t\t\t\t\t<div class=\"elementor-button-wrapper\">\n\t\t\t\t\t<a class=\"elementor-button elementor-button-link elementor-size-sm\" href=\"https:\/\/www.komoot.com\/it-it\/user\/velolake\/collections?type=created\" target=\"_blank\" id=\"book-home-button\">\n\t\t\t\t\t\t<span class=\"elementor-button-content-wrapper\">\n\t\t\t\t\t\t\t\t\t<span class=\"elementor-button-text\">Trasy Komoot<\/span>\n\t\t\t\t\t<\/span>\n\t\t\t\t\t<\/a>\n\t\t\t\t<\/div>\n\t\t\t\t\t\t\t\t<\/div>\n\t\t\t\t<\/div>\n\t\t\t\t\t<\/div>\n\t\t<\/div>\n\t\t\t\t<div class=\"elementor-column elementor-col-50 elementor-top-column elementor-element elementor-element-72dc59ff\" data-id=\"72dc59ff\" data-element_type=\"column\" data-e-type=\"column\" data-settings=\"{&quot;background_background&quot;:&quot;classic&quot;}\">\n\t\t\t<div class=\"elementor-widget-wrap\">\n\t\t\t\t\t\t\t<\/div>\n\t\t<\/div>\n\t\t\t\t\t<\/div>\n\t\t<\/section>\n\t\t\t\t<\/div>","protected":false},"excerpt":{"rendered":"<p>With our delivery service, you can rent a bike and have it delivered directly to your accommodation, trailhead, or any convenient location within our service area. Delivery Area Delivery Zone Price SLA \/ Schedule LOCAL DELIVERYArco | Malcesine | Riva | Peschiera | Torbole \u20ac10 per bike Delivery until 09:15 Day 1Collection from 18:00 Day [&hellip;]<\/p>\n","protected":false},"author":1,"featured_media":6474,"parent":0,"menu_order":0,"comment_status":"closed","ping_status":"closed","template":"","meta":{"_joinchat":[],"footnotes":""},"class_list":["post-6975","page","type-page","status-publish","has-post-thumbnail","hentry"],"yoast_head":"<!-- This site is optimized with the Yoast SEO plugin v27.4 - https:\/\/yoast.com\/product\/yoast-seo-wordpress\/ -->\n<title>Bike Delivery Service - Velolake | Lake Garda<\/title>\n<meta name=\"description\" content=\"Our bike delivery service covers the North, East, and South shores of Lake Garda. Deliveries are available until 9:30 AM and after 6:00 PM.\" \/>\n<meta name=\"robots\" content=\"index, follow, max-snippet:-1, max-image-preview:large, max-video-preview:-1\" \/>\n<link rel=\"canonical\" href=\"https:\/\/velolake.com\/pl\/usluga-dostawy-rowerow\/\" \/>\n<meta property=\"og:locale\" content=\"pl_PL\" \/>\n<meta property=\"og:type\" content=\"article\" \/>\n<meta property=\"og:title\" content=\"Bike Delivery Service - Velolake | Lake Garda\" \/>\n<meta property=\"og:description\" content=\"Our bike delivery service covers the North, East, and South shores of Lake Garda. Deliveries are available until 9:30 AM and after 6:00 PM.\" \/>\n<meta property=\"og:url\" content=\"https:\/\/velolake.com\/pl\/usluga-dostawy-rowerow\/\" \/>\n<meta property=\"og:site_name\" content=\"Velolake Lake Garda Bike\" \/>\n<meta property=\"article:publisher\" content=\"https:\/\/www.facebook.com\/velolake\" \/>\n<meta property=\"article:modified_time\" content=\"2026-03-16T09:43:44+00:00\" \/>\n<meta property=\"og:image\" content=\"https:\/\/velolake.com\/wp-content\/uploads\/2024\/07\/shuttle-uplift-bikers-garda.jpg\" \/>\n\t<meta property=\"og:image:width\" content=\"461\" \/>\n\t<meta property=\"og:image:height\" content=\"564\" \/>\n\t<meta property=\"og:image:type\" content=\"image\/jpeg\" \/>\n<script type=\"application\/ld+json\" class=\"yoast-schema-graph\">{\"@context\":\"https:\\\/\\\/schema.org\",\"@graph\":[{\"@type\":\"WebPage\",\"@id\":\"https:\\\/\\\/velolake.com\\\/bike-delivery-service\\\/\",\"url\":\"https:\\\/\\\/velolake.com\\\/bike-delivery-service\\\/\",\"name\":\"Bike Delivery Service - Velolake | Lake Garda\",\"isPartOf\":{\"@id\":\"https:\\\/\\\/velolake.com\\\/#website\"},\"primaryImageOfPage\":{\"@id\":\"https:\\\/\\\/velolake.com\\\/bike-delivery-service\\\/#primaryimage\"},\"image\":{\"@id\":\"https:\\\/\\\/velolake.com\\\/bike-delivery-service\\\/#primaryimage\"},\"thumbnailUrl\":\"https:\\\/\\\/velolake.com\\\/wp-content\\\/uploads\\\/2024\\\/07\\\/shuttle-uplift-bikers-garda.jpg\",\"datePublished\":\"2025-01-30T17:46:15+00:00\",\"dateModified\":\"2026-03-16T09:43:44+00:00\",\"description\":\"Our bike delivery service covers the North, East, and South shores of Lake Garda. Deliveries are available until 9:30 AM and after 6:00 PM.\",\"breadcrumb\":{\"@id\":\"https:\\\/\\\/velolake.com\\\/bike-delivery-service\\\/#breadcrumb\"},\"inLanguage\":\"pl-PL\",\"potentialAction\":[{\"@type\":\"ReadAction\",\"target\":[\"https:\\\/\\\/velolake.com\\\/bike-delivery-service\\\/\"]}]},{\"@type\":\"ImageObject\",\"inLanguage\":\"pl-PL\",\"@id\":\"https:\\\/\\\/velolake.com\\\/bike-delivery-service\\\/#primaryimage\",\"url\":\"https:\\\/\\\/velolake.com\\\/wp-content\\\/uploads\\\/2024\\\/07\\\/shuttle-uplift-bikers-garda.jpg\",\"contentUrl\":\"https:\\\/\\\/velolake.com\\\/wp-content\\\/uploads\\\/2024\\\/07\\\/shuttle-uplift-bikers-garda.jpg\",\"width\":461,\"height\":564},{\"@type\":\"BreadcrumbList\",\"@id\":\"https:\\\/\\\/velolake.com\\\/bike-delivery-service\\\/#breadcrumb\",\"itemListElement\":[{\"@type\":\"ListItem\",\"position\":1,\"name\":\"Home\",\"item\":\"https:\\\/\\\/velolake.com\\\/\"},{\"@type\":\"ListItem\",\"position\":2,\"name\":\"Bike Delivery Service\"}]},{\"@type\":\"WebSite\",\"@id\":\"https:\\\/\\\/velolake.com\\\/#website\",\"url\":\"https:\\\/\\\/velolake.com\\\/\",\"name\":\"Velolake | Bike Rental & Shuttle on Lake Garda\",\"description\":\"Bike Rental and Shuttle at Lake Garda\",\"publisher\":{\"@id\":\"https:\\\/\\\/velolake.com\\\/#organization\"},\"alternateName\":\"Velolake Bike Rental\",\"potentialAction\":[{\"@type\":\"SearchAction\",\"target\":{\"@type\":\"EntryPoint\",\"urlTemplate\":\"https:\\\/\\\/velolake.com\\\/?s={search_term_string}\"},\"query-input\":{\"@type\":\"PropertyValueSpecification\",\"valueRequired\":true,\"valueName\":\"search_term_string\"}}],\"inLanguage\":\"pl-PL\"},{\"@type\":\"Organization\",\"@id\":\"https:\\\/\\\/velolake.com\\\/#organization\",\"name\":\"Velolake\",\"url\":\"https:\\\/\\\/velolake.com\\\/\",\"logo\":{\"@type\":\"ImageObject\",\"inLanguage\":\"pl-PL\",\"@id\":\"https:\\\/\\\/velolake.com\\\/#\\\/schema\\\/logo\\\/image\\\/\",\"url\":\"https:\\\/\\\/velolake.com\\\/wp-content\\\/uploads\\\/2023\\\/01\\\/velolake-logo-header.png\",\"contentUrl\":\"https:\\\/\\\/velolake.com\\\/wp-content\\\/uploads\\\/2023\\\/01\\\/velolake-logo-header.png\",\"width\":150,\"height\":50,\"caption\":\"Velolake\"},\"image\":{\"@id\":\"https:\\\/\\\/velolake.com\\\/#\\\/schema\\\/logo\\\/image\\\/\"},\"sameAs\":[\"https:\\\/\\\/www.facebook.com\\\/velolake\",\"https:\\\/\\\/www.instagram.com\\\/velolake_rental_experts\\\/\",\"https:\\\/\\\/www.linkedin.com\\\/company\\\/velolake\\\/\"]}]}<\/script>\n<!-- \/ Yoast SEO plugin. -->","yoast_head_json":{"title":"Us\u0142uga Dostawy Rower\u00f3w - Velolake | Jezioro Garda","description":"Nasza us\u0142uga dostawy rower\u00f3w obejmuje p\u00f3\u0142nocne, wschodnie i po\u0142udniowe brzegi Jeziora Garda. Dostawy do 9:30 rano i po 18:00.","robots":{"index":"index","follow":"follow","max-snippet":"max-snippet:-1","max-image-preview":"max-image-preview:large","max-video-preview":"max-video-preview:-1"},"canonical":"https:\/\/velolake.com\/pl\/usluga-dostawy-rowerow\/","og_locale":"pl_PL","og_type":"article","og_title":"Bike Delivery Service - Velolake | Lake Garda","og_description":"Our bike delivery service covers the North, East, and South shores of Lake Garda. Deliveries are available until 9:30 AM and after 6:00 PM.","og_url":"https:\/\/velolake.com\/pl\/usluga-dostawy-rowerow\/","og_site_name":"Velolake Lake Garda Bike","article_publisher":"https:\/\/www.facebook.com\/velolake","article_modified_time":"2026-03-16T09:43:44+00:00","og_image":[{"width":461,"height":564,"url":"https:\/\/velolake.com\/wp-content\/uploads\/2024\/07\/shuttle-uplift-bikers-garda.jpg","type":"image\/jpeg"}],"schema":{"@context":"https:\/\/schema.org","@graph":[{"@type":"WebPage","@id":"https:\/\/velolake.com\/bike-delivery-service\/","url":"https:\/\/velolake.com\/bike-delivery-service\/","name":"Us\u0142uga Dostawy Rower\u00f3w - Velolake | Jezioro Garda","isPartOf":{"@id":"https:\/\/velolake.com\/#website"},"primaryImageOfPage":{"@id":"https:\/\/velolake.com\/bike-delivery-service\/#primaryimage"},"image":{"@id":"https:\/\/velolake.com\/bike-delivery-service\/#primaryimage"},"thumbnailUrl":"https:\/\/velolake.com\/wp-content\/uploads\/2024\/07\/shuttle-uplift-bikers-garda.jpg","datePublished":"2025-01-30T17:46:15+00:00","dateModified":"2026-03-16T09:43:44+00:00","description":"Nasza us\u0142uga dostawy rower\u00f3w obejmuje p\u00f3\u0142nocne, wschodnie i po\u0142udniowe brzegi Jeziora Garda. Dostawy do 9:30 rano i po 18:00.","breadcrumb":{"@id":"https:\/\/velolake.com\/bike-delivery-service\/#breadcrumb"},"inLanguage":"pl-PL","potentialAction":[{"@type":"ReadAction","target":["https:\/\/velolake.com\/bike-delivery-service\/"]}]},{"@type":"ImageObject","inLanguage":"pl-PL","@id":"https:\/\/velolake.com\/bike-delivery-service\/#primaryimage","url":"https:\/\/velolake.com\/wp-content\/uploads\/2024\/07\/shuttle-uplift-bikers-garda.jpg","contentUrl":"https:\/\/velolake.com\/wp-content\/uploads\/2024\/07\/shuttle-uplift-bikers-garda.jpg","width":461,"height":564},{"@type":"BreadcrumbList","@id":"https:\/\/velolake.com\/bike-delivery-service\/#breadcrumb","itemListElement":[{"@type":"ListItem","position":1,"name":"Home","item":"https:\/\/velolake.com\/"},{"@type":"ListItem","position":2,"name":"Bike Delivery Service"}]},{"@type":"WebSite","@id":"https:\/\/velolake.com\/#website","url":"https:\/\/velolake.com\/","name":"Velolake | Bike Rental & Shuttle on Lake Garda","description":"Bike Rental and Shuttle at Lake Garda","publisher":{"@id":"https:\/\/velolake.com\/#organization"},"alternateName":"Velolake Bike Rental","potentialAction":[{"@type":"SearchAction","target":{"@type":"EntryPoint","urlTemplate":"https:\/\/velolake.com\/?s={search_term_string}"},"query-input":{"@type":"PropertyValueSpecification","valueRequired":true,"valueName":"search_term_string"}}],"inLanguage":"pl-PL"},{"@type":"Organization","@id":"https:\/\/velolake.com\/#organization","name":"Velolake","url":"https:\/\/velolake.com\/","logo":{"@type":"ImageObject","inLanguage":"pl-PL","@id":"https:\/\/velolake.com\/#\/schema\/logo\/image\/","url":"https:\/\/velolake.com\/wp-content\/uploads\/2023\/01\/velolake-logo-header.png","contentUrl":"https:\/\/velolake.com\/wp-content\/uploads\/2023\/01\/velolake-logo-header.png","width":150,"height":50,"caption":"Velolake"},"image":{"@id":"https:\/\/velolake.com\/#\/schema\/logo\/image\/"},"sameAs":["https:\/\/www.facebook.com\/velolake","https:\/\/www.instagram.com\/velolake_rental_experts\/","https:\/\/www.linkedin.com\/company\/velolake\/"]}]}},"_links":{"self":[{"href":"https:\/\/velolake.com\/pl\/wp-json\/wp\/v2\/pages\/6975","targetHints":{"allow":["GET"]}}],"collection":[{"href":"https:\/\/velolake.com\/pl\/wp-json\/wp\/v2\/pages"}],"about":[{"href":"https:\/\/velolake.com\/pl\/wp-json\/wp\/v2\/types\/page"}],"author":[{"embeddable":true,"href":"https:\/\/velolake.com\/pl\/wp-json\/wp\/v2\/users\/1"}],"replies":[{"embeddable":true,"href":"https:\/\/velolake.com\/pl\/wp-json\/wp\/v2\/comments?post=6975"}],"version-history":[{"count":91,"href":"https:\/\/velolake.com\/pl\/wp-json\/wp\/v2\/pages\/6975\/revisions"}],"predecessor-version":[{"id":9348,"href":"https:\/\/velolake.com\/pl\/wp-json\/wp\/v2\/pages\/6975\/revisions\/9348"}],"wp:featuredmedia":[{"embeddable":true,"href":"https:\/\/velolake.com\/pl\/wp-json\/wp\/v2\/media\/6474"}],"wp:attachment":[{"href":"https:\/\/velolake.com\/pl\/wp-json\/wp\/v2\/media?parent=6975"}],"curies":[{"name":"wp","href":"https:\/\/api.w.org\/{rel}","templated":true}]}}