{"id":761,"date":"2023-02-22T13:42:27","date_gmt":"2023-02-22T12:42:27","guid":{"rendered":"https:\/\/velolake.com\/rev2\/?page_id=761"},"modified":"2026-04-27T20:00:30","modified_gmt":"2026-04-27T18:00:30","slug":"najlepsze-bycicle-oferty-lake-garda","status":"publish","type":"page","link":"https:\/\/velolake.com\/pl\/best-bike-offers-lake-garda\/","title":{"rendered":"Best Bike Offers at Lake Garda"},"content":{"rendered":"<div data-elementor-type=\"wp-page\" data-elementor-id=\"761\" class=\"elementor elementor-761\" data-elementor-post-type=\"page\">\n\t\t\t\t\t\t<section class=\"elementor-section elementor-top-section elementor-element elementor-element-6ba1f71b elementor-section-boxed elementor-section-height-default elementor-section-height-default\" data-id=\"6ba1f71b\" data-element_type=\"section\" data-e-type=\"section\">\n\t\t\t\t\t\t\t<div class=\"elementor-background-overlay\"><\/div>\n\t\t\t\t\t\t\t<div class=\"elementor-container elementor-column-gap-default\">\n\t\t\t\t\t<div class=\"elementor-column elementor-col-100 elementor-top-column elementor-element elementor-element-c2148a2\" data-id=\"c2148a2\" data-element_type=\"column\" data-e-type=\"column\">\n\t\t\t<div class=\"elementor-widget-wrap elementor-element-populated\">\n\t\t\t\t\t\t<div class=\"elementor-element elementor-element-7a24c72d elementor-widget elementor-widget-heading\" data-id=\"7a24c72d\" data-element_type=\"widget\" data-e-type=\"widget\" data-widget_type=\"heading.default\">\n\t\t\t\t<div class=\"elementor-widget-container\">\n\t\t\t\t\t<h1 class=\"elementor-heading-title elementor-size-default\">NAJLEPSZE OFERTY ROWEROWE NAD JEZIOREM GARDA<\/h1>\t\t\t\t<\/div>\n\t\t\t\t<\/div>\n\t\t\t\t<div class=\"elementor-element elementor-element-5468cd11 elementor-widget elementor-widget-text-editor\" data-id=\"5468cd11\" data-element_type=\"widget\" data-e-type=\"widget\" data-widget_type=\"text-editor.default\">\n\t\t\t\t<div class=\"elementor-widget-container\">\n\t\t\t\t\t\t\t\t\t<p>Dowiedz si\u0119 wi\u0119cej o ofertach rodzinnych i grupowych, atrakcyjnych zni\u017ckach na transport + wynajem i wynajem + prom. Nie przegap naszych niesamowitych ofert!<\/p>\t\t\t\t\t\t\t\t<\/div>\n\t\t\t\t<\/div>\n\t\t\t\t\t<\/div>\n\t\t<\/div>\n\t\t\t\t\t<\/div>\n\t\t<\/section>\n\t\t\t\t<section class=\"elementor-section elementor-top-section elementor-element elementor-element-f247647 elementor-section-boxed elementor-section-height-default elementor-section-height-default\" data-id=\"f247647\" data-element_type=\"section\" data-e-type=\"section\">\n\t\t\t\t\t\t<div class=\"elementor-container elementor-column-gap-default\">\n\t\t\t\t\t<div class=\"elementor-column elementor-col-100 elementor-top-column elementor-element elementor-element-f0f33d5\" data-id=\"f0f33d5\" data-element_type=\"column\" data-e-type=\"column\">\n\t\t\t<div class=\"elementor-widget-wrap elementor-element-populated\">\n\t\t\t\t\t\t<div class=\"elementor-element elementor-element-67e6e2d elementor-widget elementor-widget-heading\" data-id=\"67e6e2d\" data-element_type=\"widget\" data-e-type=\"widget\" data-widget_type=\"heading.default\">\n\t\t\t\t<div class=\"elementor-widget-container\">\n\t\t\t\t\t<h2 class=\"elementor-heading-title elementor-size-default\">NASZE NAJLEPSZE OFERTY I RABATY<\/h2>\t\t\t\t<\/div>\n\t\t\t\t<\/div>\n\t\t\t\t<div class=\"elementor-element elementor-element-0991c4f elementor-widget elementor-widget-html\" data-id=\"0991c4f\" data-element_type=\"widget\" data-e-type=\"widget\" data-widget_type=\"html.default\">\n\t\t\t\t<div class=\"elementor-widget-container\">\n\t\t\t\t\t<section class=\"velolake-top-routes-clean\">\r\n    <div class=\"routes-grid\">\r\n        \r\n        <div class=\"route-card\">\r\n            <a href=\"https:\/\/app.booking.bike.rent\/book?store=velolake&lang=en\" target=\"_blank\" class=\"route-overlay\">\r\n                <div class=\"route-content\">\r\n                    <h3>ZNI\u017bKA DLA GRUP DO 10% NA WYPO\u017bYCZENIE ROWERU<\/h3>\r\n                    <p>Zarezerwowane dla lider\u00f3w grup z ponad 15 uczestnikami.<br>\r\n                       <strong class=\"promo-text\">KOD RABATOWY : <span>GROUPS<\/span><\/strong>\r\n                    <\/p>\r\n                    <span class=\"route-btn-elementor\">wynaj\u0105\u0107 teraz<\/span>\r\n                <\/div>\r\n            <\/a>\r\n        <\/div>\r\n\r\n        <div class=\"route-card\">\r\n            <a href=\"https:\/\/velolake.com\/pl\/bicykl-przewoznik-lake-garda\/\" class=\"route-overlay\">\r\n                <div class=\"route-content\">\r\n                    <h3>PO\u0141\u0104CZENIE TRANSPORTU I WYPO\u017bYCZENIA ROWERU DO 20% TANIEJ<\/h3>\r\n                    <p>Zarezerwuj transport i wypo\u017cycz rower z Velolake, aby uzyska\u0107 specjaln\u0105 ofert\u0119 20% zni\u017cki.<br>\r\n                       <strong class=\"promo-text\">KOD RABATOWY : <span>SHUTTLE<\/span><\/strong>\r\n                    <\/p>\r\n                    <span class=\"route-btn-elementor\">Rezerwuj pakiet<\/span>\r\n                <\/div>\r\n            <\/a>\r\n        <\/div>\r\n\r\n        <div class=\"route-card\">\r\n            <a href=\"https:\/\/app.booking.bike.rent\/book?store=velolake&lang=en\" target=\"_blank\" class=\"route-overlay\">\r\n                <div class=\"route-content\">\r\n                    <h3>WYNAJEM COMBO + \u0141\u00d3D\u0179 PROMOWA DO 20% TANIEJ<\/h3>\r\n                    <p>Zarezerwuj kupon online podczas przetwarzania zam\u00f3wienia wynajmu lub popro\u015b o niego w centrach wynajmu Velolake.<br>\r\n                       <strong class=\"promo-text\">WA\u017bNO\u015a\u0106: <span>KWIECIE\u0143 - PA\u0179DZIERNIK<\/span><\/strong>\r\n                    <\/p>\r\n                    <span class=\"route-btn-elementor\">wynaj\u0105\u0107 teraz<\/span>\r\n                <\/div>\r\n            <\/a>\r\n        <\/div>\r\n\r\n    <\/div>\r\n<\/section>\r\n\r\n<style>\r\n.velolake-top-routes-clean { max-width: 1250px; margin: 20px auto; padding: 0 15px; }\r\n.routes-grid { display: grid; grid-template-columns: repeat(3, 1fr); gap: 25px; }\r\n\r\n.route-card { \r\n    height: 450px; \r\n    border-radius: 20px; \r\n    background-color: #2E2D2B; \r\n    overflow: hidden; \r\n    position: relative; \r\n    transition: transform 0.3s ease; \r\n    cursor: pointer; \r\n}\r\n\r\n.route-card:hover { transform: translateY(-5px); }\r\n\r\n.route-overlay { \r\n    position: absolute; \r\n    top: 0; left: 0; \r\n    width: 100%; height: 100%; \r\n    display: flex; \r\n    align-items: flex-end; \r\n    padding: 40px 30px; \r\n    box-sizing: border-box; \r\n    text-decoration: none !important; \r\n}\r\n\r\n.route-content { color: #ffffff; text-align: left; width: 100%; }\r\n.route-content h3 { \r\n    color: #ffffff !important; \r\n    margin: 0 0 15px 0 !important; \r\n    font-size: 1.6rem !important; \r\n    font-weight: 800 !important; \r\n    text-transform: uppercase;\r\n    line-height: 1.2;\r\n}\r\n\r\n.route-content p { \r\n    color: #e0e0e0; \r\n    margin-bottom: 25px; \r\n    font-size: 0.95rem; \r\n    line-height: 1.5;\r\n    max-width: 95%;\r\n}\r\n\r\n\/* Stile per la riga del codice sconto *\/\r\n.promo-text {\r\n    display: block;\r\n    margin-top: 12px;\r\n    color: #ffffff;\r\n    font-size: 1.05rem;\r\n    letter-spacing: 0.5px;\r\n}\r\n\r\n\/* Colore Magenta per il codice specifico *\/\r\n.promo-text span {\r\n    color: #F20769;\r\n    font-weight: 800;\r\n}\r\n\r\n.route-btn-elementor { \r\n    display: inline-block; \r\n    background-color: #F20769; \r\n    color: #ffffff; \r\n    padding: 14px 28px; \r\n    border-radius: 10px; \r\n    font-weight: 600; \r\n    text-transform: uppercase; \r\n    font-size: 13px; \r\n    transition: all 0.3s ease; \r\n    border: none;\r\n}\r\n\r\n.route-card:hover .route-btn-elementor { \r\n    background-color: #ffffff; \r\n    color: #F20769; \r\n}\r\n\r\n@media (max-width: 992px) { .routes-grid { grid-template-columns: repeat(2, 1fr); } }\r\n@media (max-width: 600px) { \r\n    .routes-grid { grid-template-columns: 1fr; } \r\n    .route-card { height: 400px; } \r\n    .route-content h3 { font-size: 1.4rem !important; }\r\n}\r\n<\/style>\t\t\t\t<\/div>\n\t\t\t\t<\/div>\n\t\t\t\t\t<\/div>\n\t\t<\/div>\n\t\t\t\t\t<\/div>\n\t\t<\/section>\n\t\t\t\t<\/div>","protected":false},"excerpt":{"rendered":"<p>Velolake Offers and Promotions Find out more about family and group deals, compelling discounts on shuttle + rental and rental + ferry options. Don\u2019t miss out on our amazing offers! our best offers and discounts GROUPS DISCOUNT UP TO 10% OFF ON BIKE RENTAL Reserved to group leaders with 15+ participants. DISCOUNT CODE: GROUPS Rent [&hellip;]<\/p>\n","protected":false},"author":1,"featured_media":2508,"parent":0,"menu_order":0,"comment_status":"closed","ping_status":"closed","template":"","meta":{"_joinchat":[],"footnotes":""},"class_list":["post-761","page","type-page","status-publish","has-post-thumbnail","hentry"],"yoast_head":"<!-- This site is optimized with the Yoast SEO plugin v27.4 - https:\/\/yoast.com\/product\/yoast-seo-wordpress\/ -->\n<title>Best Bike Offers at Lake Garda - Velolake | Lake Garda<\/title>\n<meta name=\"description\" content=\"Don\u2019t miss out on amazing offers on bike rental and shuttle service. Visit our website today and start planning your Lake Garda adventure!\" \/>\n<meta name=\"robots\" content=\"index, follow, max-snippet:-1, max-image-preview:large, max-video-preview:-1\" \/>\n<link rel=\"canonical\" href=\"https:\/\/velolake.com\/pl\/najlepsze-bycicle-oferty-lake-garda\/\" \/>\n<meta property=\"og:locale\" content=\"pl_PL\" \/>\n<meta property=\"og:type\" content=\"article\" \/>\n<meta property=\"og:title\" content=\"Best Bike Offers at Lake Garda - Velolake | Lake Garda\" \/>\n<meta property=\"og:description\" content=\"Don\u2019t miss out on amazing offers on bike rental and shuttle service. Visit our website today and start planning your Lake Garda adventure!\" \/>\n<meta property=\"og:url\" content=\"https:\/\/velolake.com\/pl\/najlepsze-bycicle-oferty-lake-garda\/\" \/>\n<meta property=\"og:site_name\" content=\"Velolake Lake Garda Bike\" \/>\n<meta property=\"article:publisher\" content=\"https:\/\/www.facebook.com\/velolake\" \/>\n<meta property=\"article:modified_time\" content=\"2026-04-27T18:00:30+00:00\" \/>\n<meta property=\"og:image\" content=\"https:\/\/velolake.com\/wp-content\/uploads\/2023\/03\/bike-rental-offers-discount-lake-garda.jpg\" \/>\n\t<meta property=\"og:image:width\" content=\"1200\" \/>\n\t<meta property=\"og:image:height\" content=\"800\" \/>\n\t<meta property=\"og:image:type\" content=\"image\/jpeg\" \/>\n<script type=\"application\/ld+json\" class=\"yoast-schema-graph\">{\"@context\":\"https:\\\/\\\/schema.org\",\"@graph\":[{\"@type\":\"WebPage\",\"@id\":\"https:\\\/\\\/velolake.com\\\/best-bike-offers-lake-garda\\\/\",\"url\":\"https:\\\/\\\/velolake.com\\\/best-bike-offers-lake-garda\\\/\",\"name\":\"Best Bike Offers at Lake Garda - Velolake | Lake Garda\",\"isPartOf\":{\"@id\":\"https:\\\/\\\/velolake.com\\\/#website\"},\"primaryImageOfPage\":{\"@id\":\"https:\\\/\\\/velolake.com\\\/best-bike-offers-lake-garda\\\/#primaryimage\"},\"image\":{\"@id\":\"https:\\\/\\\/velolake.com\\\/best-bike-offers-lake-garda\\\/#primaryimage\"},\"thumbnailUrl\":\"https:\\\/\\\/velolake.com\\\/wp-content\\\/uploads\\\/2023\\\/03\\\/bike-rental-offers-discount-lake-garda.jpg\",\"datePublished\":\"2023-02-22T12:42:27+00:00\",\"dateModified\":\"2026-04-27T18:00:30+00:00\",\"description\":\"Don\u2019t miss out on amazing offers on bike rental and shuttle service. Visit our website today and start planning your Lake Garda adventure!\",\"breadcrumb\":{\"@id\":\"https:\\\/\\\/velolake.com\\\/best-bike-offers-lake-garda\\\/#breadcrumb\"},\"inLanguage\":\"pl-PL\",\"potentialAction\":[{\"@type\":\"ReadAction\",\"target\":[\"https:\\\/\\\/velolake.com\\\/best-bike-offers-lake-garda\\\/\"]}]},{\"@type\":\"ImageObject\",\"inLanguage\":\"pl-PL\",\"@id\":\"https:\\\/\\\/velolake.com\\\/best-bike-offers-lake-garda\\\/#primaryimage\",\"url\":\"https:\\\/\\\/velolake.com\\\/wp-content\\\/uploads\\\/2023\\\/03\\\/bike-rental-offers-discount-lake-garda.jpg\",\"contentUrl\":\"https:\\\/\\\/velolake.com\\\/wp-content\\\/uploads\\\/2023\\\/03\\\/bike-rental-offers-discount-lake-garda.jpg\",\"width\":1200,\"height\":800},{\"@type\":\"BreadcrumbList\",\"@id\":\"https:\\\/\\\/velolake.com\\\/best-bike-offers-lake-garda\\\/#breadcrumb\",\"itemListElement\":[{\"@type\":\"ListItem\",\"position\":1,\"name\":\"Home\",\"item\":\"https:\\\/\\\/velolake.com\\\/\"},{\"@type\":\"ListItem\",\"position\":2,\"name\":\"Best Bike Offers at Lake Garda\"}]},{\"@type\":\"WebSite\",\"@id\":\"https:\\\/\\\/velolake.com\\\/#website\",\"url\":\"https:\\\/\\\/velolake.com\\\/\",\"name\":\"Velolake | Bike Rental & Shuttle on Lake Garda\",\"description\":\"Bike Rental and Shuttle at Lake Garda\",\"publisher\":{\"@id\":\"https:\\\/\\\/velolake.com\\\/#organization\"},\"alternateName\":\"Velolake Bike Rental\",\"potentialAction\":[{\"@type\":\"SearchAction\",\"target\":{\"@type\":\"EntryPoint\",\"urlTemplate\":\"https:\\\/\\\/velolake.com\\\/?s={search_term_string}\"},\"query-input\":{\"@type\":\"PropertyValueSpecification\",\"valueRequired\":true,\"valueName\":\"search_term_string\"}}],\"inLanguage\":\"pl-PL\"},{\"@type\":\"Organization\",\"@id\":\"https:\\\/\\\/velolake.com\\\/#organization\",\"name\":\"Velolake\",\"url\":\"https:\\\/\\\/velolake.com\\\/\",\"logo\":{\"@type\":\"ImageObject\",\"inLanguage\":\"pl-PL\",\"@id\":\"https:\\\/\\\/velolake.com\\\/#\\\/schema\\\/logo\\\/image\\\/\",\"url\":\"https:\\\/\\\/velolake.com\\\/wp-content\\\/uploads\\\/2023\\\/01\\\/velolake-logo-header.png\",\"contentUrl\":\"https:\\\/\\\/velolake.com\\\/wp-content\\\/uploads\\\/2023\\\/01\\\/velolake-logo-header.png\",\"width\":150,\"height\":50,\"caption\":\"Velolake\"},\"image\":{\"@id\":\"https:\\\/\\\/velolake.com\\\/#\\\/schema\\\/logo\\\/image\\\/\"},\"sameAs\":[\"https:\\\/\\\/www.facebook.com\\\/velolake\",\"https:\\\/\\\/www.instagram.com\\\/velolake_rental_experts\\\/\",\"https:\\\/\\\/www.linkedin.com\\\/company\\\/velolake\\\/\"]}]}<\/script>\n<!-- \/ Yoast SEO plugin. -->","yoast_head_json":{"title":"Najlepsze oferty rower\u00f3w nad jeziorem Garda - Velolake | Jezioro Garda","description":"Nie przegap niesamowitych ofert na wynajem rower\u00f3w i transport. Odwied\u017a nasz\u0105 stron\u0119 ju\u017c dzi\u015b i zacznij planowa\u0107 swoj\u0105 przygod\u0119 nad jeziorem Garda!","robots":{"index":"index","follow":"follow","max-snippet":"max-snippet:-1","max-image-preview":"max-image-preview:large","max-video-preview":"max-video-preview:-1"},"canonical":"https:\/\/velolake.com\/pl\/najlepsze-bycicle-oferty-lake-garda\/","og_locale":"pl_PL","og_type":"article","og_title":"Best Bike Offers at Lake Garda - Velolake | Lake Garda","og_description":"Don\u2019t miss out on amazing offers on bike rental and shuttle service. Visit our website today and start planning your Lake Garda adventure!","og_url":"https:\/\/velolake.com\/pl\/najlepsze-bycicle-oferty-lake-garda\/","og_site_name":"Velolake Lake Garda Bike","article_publisher":"https:\/\/www.facebook.com\/velolake","article_modified_time":"2026-04-27T18:00:30+00:00","og_image":[{"width":1200,"height":800,"url":"https:\/\/velolake.com\/wp-content\/uploads\/2023\/03\/bike-rental-offers-discount-lake-garda.jpg","type":"image\/jpeg"}],"schema":{"@context":"https:\/\/schema.org","@graph":[{"@type":"WebPage","@id":"https:\/\/velolake.com\/best-bike-offers-lake-garda\/","url":"https:\/\/velolake.com\/best-bike-offers-lake-garda\/","name":"Najlepsze oferty rower\u00f3w nad jeziorem Garda - Velolake | Jezioro Garda","isPartOf":{"@id":"https:\/\/velolake.com\/#website"},"primaryImageOfPage":{"@id":"https:\/\/velolake.com\/best-bike-offers-lake-garda\/#primaryimage"},"image":{"@id":"https:\/\/velolake.com\/best-bike-offers-lake-garda\/#primaryimage"},"thumbnailUrl":"https:\/\/velolake.com\/wp-content\/uploads\/2023\/03\/bike-rental-offers-discount-lake-garda.jpg","datePublished":"2023-02-22T12:42:27+00:00","dateModified":"2026-04-27T18:00:30+00:00","description":"Nie przegap niesamowitych ofert na wynajem rower\u00f3w i transport. Odwied\u017a nasz\u0105 stron\u0119 ju\u017c dzi\u015b i zacznij planowa\u0107 swoj\u0105 przygod\u0119 nad jeziorem Garda!","breadcrumb":{"@id":"https:\/\/velolake.com\/best-bike-offers-lake-garda\/#breadcrumb"},"inLanguage":"pl-PL","potentialAction":[{"@type":"ReadAction","target":["https:\/\/velolake.com\/best-bike-offers-lake-garda\/"]}]},{"@type":"ImageObject","inLanguage":"pl-PL","@id":"https:\/\/velolake.com\/best-bike-offers-lake-garda\/#primaryimage","url":"https:\/\/velolake.com\/wp-content\/uploads\/2023\/03\/bike-rental-offers-discount-lake-garda.jpg","contentUrl":"https:\/\/velolake.com\/wp-content\/uploads\/2023\/03\/bike-rental-offers-discount-lake-garda.jpg","width":1200,"height":800},{"@type":"BreadcrumbList","@id":"https:\/\/velolake.com\/best-bike-offers-lake-garda\/#breadcrumb","itemListElement":[{"@type":"ListItem","position":1,"name":"Home","item":"https:\/\/velolake.com\/"},{"@type":"ListItem","position":2,"name":"Best Bike Offers at Lake Garda"}]},{"@type":"WebSite","@id":"https:\/\/velolake.com\/#website","url":"https:\/\/velolake.com\/","name":"Velolake | Bike Rental & Shuttle on Lake Garda","description":"Bike Rental and Shuttle at Lake Garda","publisher":{"@id":"https:\/\/velolake.com\/#organization"},"alternateName":"Velolake Bike Rental","potentialAction":[{"@type":"SearchAction","target":{"@type":"EntryPoint","urlTemplate":"https:\/\/velolake.com\/?s={search_term_string}"},"query-input":{"@type":"PropertyValueSpecification","valueRequired":true,"valueName":"search_term_string"}}],"inLanguage":"pl-PL"},{"@type":"Organization","@id":"https:\/\/velolake.com\/#organization","name":"Velolake","url":"https:\/\/velolake.com\/","logo":{"@type":"ImageObject","inLanguage":"pl-PL","@id":"https:\/\/velolake.com\/#\/schema\/logo\/image\/","url":"https:\/\/velolake.com\/wp-content\/uploads\/2023\/01\/velolake-logo-header.png","contentUrl":"https:\/\/velolake.com\/wp-content\/uploads\/2023\/01\/velolake-logo-header.png","width":150,"height":50,"caption":"Velolake"},"image":{"@id":"https:\/\/velolake.com\/#\/schema\/logo\/image\/"},"sameAs":["https:\/\/www.facebook.com\/velolake","https:\/\/www.instagram.com\/velolake_rental_experts\/","https:\/\/www.linkedin.com\/company\/velolake\/"]}]}},"_links":{"self":[{"href":"https:\/\/velolake.com\/pl\/wp-json\/wp\/v2\/pages\/761","targetHints":{"allow":["GET"]}}],"collection":[{"href":"https:\/\/velolake.com\/pl\/wp-json\/wp\/v2\/pages"}],"about":[{"href":"https:\/\/velolake.com\/pl\/wp-json\/wp\/v2\/types\/page"}],"author":[{"embeddable":true,"href":"https:\/\/velolake.com\/pl\/wp-json\/wp\/v2\/users\/1"}],"replies":[{"embeddable":true,"href":"https:\/\/velolake.com\/pl\/wp-json\/wp\/v2\/comments?post=761"}],"version-history":[{"count":149,"href":"https:\/\/velolake.com\/pl\/wp-json\/wp\/v2\/pages\/761\/revisions"}],"predecessor-version":[{"id":10193,"href":"https:\/\/velolake.com\/pl\/wp-json\/wp\/v2\/pages\/761\/revisions\/10193"}],"wp:featuredmedia":[{"embeddable":true,"href":"https:\/\/velolake.com\/pl\/wp-json\/wp\/v2\/media\/2508"}],"wp:attachment":[{"href":"https:\/\/velolake.com\/pl\/wp-json\/wp\/v2\/media?parent=761"}],"curies":[{"name":"wp","href":"https:\/\/api.w.org\/{rel}","templated":true}]}}